{"id":7767,"date":"2021-02-21T13:51:34","date_gmt":"2021-02-21T16:51:34","guid":{"rendered":"http:\/\/www2.cirurgiaplastica.org.br\/?page_id=7767"},"modified":"2024-04-11T13:53:18","modified_gmt":"2024-04-11T16:53:18","slug":"encontre-um-cirurgiao","status":"publish","type":"page","link":"http:\/\/www.cirurgiaplastica.org.br\/en\/encontre-um-cirurgiao\/","title":{"rendered":"Find a Surgeon"},"content":{"rendered":"<div id=\"fws_69dc135258efa\"  data-column-margin=\"default\" data-midnight=\"light\"  class=\"wpb_row vc_row-fluid vc_row full-width-section\"  style=\"padding-top: 170px; padding-bottom: 120px; \"><div class=\"row-bg-wrap\" data-bg-animation=\"none\" data-bg-animation-delay=\"\" data-bg-overlay=\"true\"><div class=\"inner-wrap row-bg-layer using-image\" ><div class=\"row-bg viewport-desktop using-image\"  style=\"background-image: url(https:\/\/www.cirurgiaplastica.org.br\/wp-content\/uploads\/2017\/11\/Consultation__.jpg); background-position: left top; background-repeat: no-repeat; \"><\/div><\/div><div class=\"row-bg-overlay row-bg-layer\" style=\"background: #17466e; background: linear-gradient(90deg,#17466e 0%,#00b7b7 100%);  opacity: 0.5; \"><\/div><\/div><div class=\"row_col_wrap_12 col span_12 light left\">\n\t<div  class=\"vc_col-sm-12 wpb_column column_container vc_column_container col centered-text no-extra-padding inherit_tablet inherit_phone\"  data-padding-pos=\"all\" data-has-bg-color=\"false\" data-bg-color=\"\" data-bg-opacity=\"1\" data-animation=\"\" data-delay=\"0\" >\n\t\t<div class=\"vc_column-inner\" >\n\t\t\t<div class=\"wpb_wrapper\">\n\t\t\t\t<div id=\"fws_69dc135259ef4\" data-midnight=\"\" data-column-margin=\"default\" class=\"wpb_row vc_row-fluid vc_row inner_row\"  style=\"\"><div class=\"row-bg-wrap\"> <div class=\"row-bg\" ><\/div> <\/div><div class=\"row_col_wrap_12_inner col span_12  left\">\n\t<div  class=\"vc_col-sm-12 wpb_column column_container vc_column_container col child_column no-extra-padding inherit_tablet inherit_phone\"   data-padding-pos=\"all\" data-has-bg-color=\"false\" data-bg-color=\"\" data-bg-opacity=\"1\" data-animation=\"\" data-delay=\"0\" >\n\t\t<div class=\"vc_column-inner\" >\n\t\t<div class=\"wpb_wrapper\">\n\t\t\t\n<div class=\"wpb_text_column wpb_content_element\" >\n\t<div class=\"wpb_wrapper\">\n\t\t<h1>Find a Surgeon<\/h1>\n\t<\/div>\n<\/div>\n\n\n\n\n\t\t<\/div> \n\t<\/div>\n\t<\/div> \n<\/div><\/div>\n<div class=\"wpb_text_column wpb_content_element\" >\n\t<div class=\"wpb_wrapper\">\n\t\t<p><a href=\"#\">Home<\/a> &gt; <a href=\"\/en\/encontre-um-cirurgiao\/\">Find a Surgeon<\/a><\/p>\n\t<\/div>\n<\/div>\n\n\n\n<div class=\"divider-wrap\" data-alignment=\"default\"><div style=\"height: 40px;\" class=\"divider\"><\/div><\/div><a class=\"nectar-button large see-through accent-color\"  role=\"button\" style=\"\"  href=\"#busca-cirurgiao\" data-color-override=\"false\" data-hover-color-override=\"false\" data-hover-text-color-override=\"#fff\"><span>BUSCAR<\/span><\/a>\n\t\t\t<\/div> \n\t\t<\/div>\n\t<\/div> \n<\/div><\/div>\n\t\t<div id=\"fws_69dc13525bf2c\"  data-column-margin=\"default\" data-midnight=\"dark\"  class=\"wpb_row vc_row-fluid vc_row full-width-content vc_row-o-equal-height vc_row-flex vc_row-o-content-top\"  style=\"padding-top: 70px; padding-bottom: 0px; \"><div class=\"row-bg-wrap\" data-bg-animation=\"none\" data-bg-animation-delay=\"\" data-bg-overlay=\"false\"><div class=\"inner-wrap row-bg-layer\" ><div class=\"row-bg viewport-desktop using-bg-color\"  style=\"background-color: #17466e; \"><\/div><\/div><\/div><div class=\"row_col_wrap_12 col span_12 dark left\">\n\t<div  class=\"vc_col-sm-12 wpb_column column_container vc_column_container col no-extra-padding inherit_tablet inherit_phone\"  data-padding-pos=\"all\" data-has-bg-color=\"false\" data-bg-color=\"\" data-bg-opacity=\"1\" data-animation=\"\" data-delay=\"0\" >\n\t\t<div class=\"vc_column-inner\" >\n\t\t\t<div class=\"wpb_wrapper\">\n\t\t\t\t\n\t\t\t<\/div> \n\t\t<\/div>\n\t<\/div> \n<\/div><\/div>\n\t\t<div id=\"fws_69dc13525cefb\"  data-column-margin=\"default\" data-midnight=\"dark\"  class=\"wpb_row vc_row-fluid vc_row\"  style=\"padding-top: 70px; padding-bottom: 0px; \"><div class=\"row-bg-wrap\" data-bg-animation=\"none\" data-bg-animation-delay=\"\" data-bg-overlay=\"false\"><div class=\"inner-wrap row-bg-layer\" ><div class=\"row-bg viewport-desktop\"  style=\"\"><\/div><\/div><\/div><div class=\"row_col_wrap_12 col span_12 dark left\">\n\t<div  class=\"vc_col-sm-8 wpb_column column_container vc_column_container col no-extra-padding inherit_tablet inherit_phone\"  data-padding-pos=\"all\" data-has-bg-color=\"false\" data-bg-color=\"\" data-bg-opacity=\"1\" data-animation=\"\" data-delay=\"0\" >\n\t\t<div class=\"vc_column-inner\" >\n\t\t\t<div class=\"wpb_wrapper\">\n\t\t\t\t\n<div class=\"wpb_text_column wpb_content_element  wpb_animate_when_almost_visible wpb_fadeInUp fadeInUp\" >\n\t<div class=\"wpb_wrapper\">\n\t\t<h1><span style=\"color: #17466e;\">A sua seguran\u00e7a come\u00e7a aqui<\/span><\/h1>\n\t<\/div>\n<\/div>\n\n\n\n<div class=\"divider-wrap\" data-alignment=\"default\"><div style=\"height: 50px;\" class=\"divider\"><\/div><\/div>\n<div class=\"wpb_text_column wpb_content_element  wpb_animate_when_almost_visible wpb_fadeIn fadeIn\" >\n\t<div class=\"wpb_wrapper\">\n\t\t<p><span style=\"color: #999999;\">O nosso portal \u00e9 uma plataforma multim\u00eddia que congrega todos os cirurgi\u00f5es pl\u00e1sticos certificados do Brasil.<\/span><br \/>\n<span style=\"color: #999999;\"> Um portal oficial apresentando a mensagem verdadeira.<\/span><\/p>\n<p><span style=\"color: #999999;\">Todo membro da Sociedade Brasileira de Cirurgia Pl\u00e1stica <strong>deve, obrigatoriamente, ser encontrado nesta plataforma<\/strong> por um dos crit\u00e9rios de busca: nome completo, ou parcial, ou estado de atua\u00e7\u00e3o.<\/span><\/p>\n<p><span style=\"color: #17466e;\"><strong>Digite o nome do cirurgi\u00e3o (parcial ou completo e sem acento) ou o estado para efetuar a busca:<\/strong><\/span><\/p>\n\t<\/div>\n<\/div>\n\n\n\n\n\t\t\t<\/div> \n\t\t<\/div>\n\t<\/div> \n\n\t<div  class=\"vc_col-sm-4 vc_hidden-sm vc_hidden-xs wpb_column column_container vc_column_container col no-extra-padding inherit_tablet inherit_phone\"  data-padding-pos=\"all\" data-has-bg-color=\"false\" data-bg-color=\"\" data-bg-opacity=\"1\" data-animation=\"\" data-delay=\"0\" >\n\t\t<div class=\"vc_column-inner\" >\n\t\t\t<div class=\"wpb_wrapper\">\n\t\t\t\t<div class=\"nectar_cascading_images\" data-border-radius=\"none\" data-parallax=\"\" data-parallax-intensity=\"subtle\" data-animation-timing=\"700\"><div class=\"cascading-image\" data-has-img=\"true\" style=\" padding:0%;\" data-max-width=\"100%\" data-max-width-mobile=\"100%\" data-animation=\"grow-in\" data-shadow=\"none\"><div class=\"inner-wrap\"><div class=\"bg-layer\" data-scale=\"1\" style=\"transform: scale(1)\"><div style=\" -webkit-transform:translateX(0%) translateY(0%) ; transform:translateX(0%) translateY(0%) ;\" class=\"img-wrap\"> <img loading=\"lazy\" decoding=\"async\" src=\"https:\/\/www.cirurgiaplastica.org.br\/wp-content\/uploads\/2017\/10\/logo-01_.png\" srcset=\"https:\/\/www.cirurgiaplastica.org.br\/wp-content\/uploads\/2017\/10\/logo-01_.png 700w, https:\/\/www.cirurgiaplastica.org.br\/wp-content\/uploads\/2017\/10\/logo-01_-150x150.png 150w, https:\/\/www.cirurgiaplastica.org.br\/wp-content\/uploads\/2017\/10\/logo-01_-300x300.png 300w, https:\/\/www.cirurgiaplastica.org.br\/wp-content\/uploads\/2017\/10\/logo-01_-100x100.png 100w, https:\/\/www.cirurgiaplastica.org.br\/wp-content\/uploads\/2017\/10\/logo-01_-500x500.png 500w, https:\/\/www.cirurgiaplastica.org.br\/wp-content\/uploads\/2017\/10\/logo-01_-350x350.png 350w\" sizes=\"auto, (min-width: 1000px) 55vw, 100vw\" height=\"700\" width=\"700\" class=\"skip-lazy\" alt=\"\" \/> <\/div><\/div><\/div><\/div><div class=\"cascading-image\" data-has-img=\"true\" style=\" padding:0%;\" data-max-width=\"100%\" data-max-width-mobile=\"100%\" data-animation=\"fade-in-from-right\" data-shadow=\"none\"><div class=\"inner-wrap\"><div class=\"bg-layer\" data-scale=\"1\" style=\"transform: scale(1)\"><div style=\" -webkit-transform:translateX(0%) translateY(0%) ; transform:translateX(0%) translateY(0%) ;\" class=\"img-wrap\"> <img loading=\"lazy\" decoding=\"async\" src=\"https:\/\/www.cirurgiaplastica.org.br\/wp-content\/uploads\/2017\/10\/logo-02_.png\" srcset=\"https:\/\/www.cirurgiaplastica.org.br\/wp-content\/uploads\/2017\/10\/logo-02_.png 700w, https:\/\/www.cirurgiaplastica.org.br\/wp-content\/uploads\/2017\/10\/logo-02_-150x150.png 150w, https:\/\/www.cirurgiaplastica.org.br\/wp-content\/uploads\/2017\/10\/logo-02_-300x300.png 300w, https:\/\/www.cirurgiaplastica.org.br\/wp-content\/uploads\/2017\/10\/logo-02_-100x100.png 100w, https:\/\/www.cirurgiaplastica.org.br\/wp-content\/uploads\/2017\/10\/logo-02_-500x500.png 500w, https:\/\/www.cirurgiaplastica.org.br\/wp-content\/uploads\/2017\/10\/logo-02_-350x350.png 350w\" sizes=\"auto, (min-width: 1000px) 55vw, 100vw\" height=\"700\" width=\"700\" class=\"skip-lazy\" alt=\"\" \/> <\/div><\/div><\/div><\/div><\/div>\n\t\t\t<\/div> \n\t\t<\/div>\n\t<\/div> \n<\/div><\/div>\n\t\t<div id=\"busca-cirurgiao\"  data-column-margin=\"default\" data-midnight=\"dark\"  class=\"wpb_row vc_row-fluid vc_row full-width-section\"  style=\"padding-top: 0px; padding-bottom: 0px; \"><div class=\"row-bg-wrap\" data-bg-animation=\"none\" data-bg-animation-delay=\"\" data-bg-overlay=\"false\"><div class=\"inner-wrap row-bg-layer\" ><div class=\"row-bg viewport-desktop\"  style=\"\"><\/div><\/div><\/div><div class=\"row_col_wrap_12 col span_12 dark left\">\n\t<div  class=\"vc_col-sm-12 wpb_column column_container vc_column_container col has-animation no-extra-padding inherit_tablet inherit_phone\"  data-padding-pos=\"all\" data-has-bg-color=\"false\" data-bg-color=\"\" data-bg-opacity=\"1\" data-animation=\"fade-in\" data-delay=\"0\" >\n\t\t<div class=\"vc_column-inner\" >\n\t\t\t<div class=\"wpb_wrapper\">\n\t\t\t\t\n<div class=\"wpb_text_column wpb_content_element\" >\n\t<div class=\"wpb_wrapper\">\n\t\t\t<div class=\"container-wrap\">\n\t\t<div class=\"cirurgiao-form-wrapper\">\n\t\t\t<form action=\"\/index.php\" id=\"cirurgiao-form\" data-trp-original-action=\"\/index.php\">\n\t\t\t\t<div class=\"row\">\n\t\t\t\t\t<div class=\"form-group col span_4\">\n\t\t\t\t\t\t<label for=\"cirurgiao_nome\">Nome:<\/label>\n\t\t\t\t\t\t<input type=\"text\" name=\"cirurgiao_nome\" id=\"cirurgiao_nome\">\n\t\t\t\t\t<\/div>\n\t\t\t\t\t<div class=\"form-group col span_3\">\n\t\t\t\t\t\t<label for=\"cirurgiao_nome\">Categoria:<\/label>\n\t\t\t\t\t\t<select type=\"text\" name=\"cirurgiao_cat\" id=\"cirurgiao_cat\">\n\t\t\t\t\t\t\t<option selected=\"selected\" value=\"TODOS\">Todos<\/option>\n\t\t\t\t\t\t\t<option value=\"3\">Associados, Titulares e Correspondentes Internacionais<\/option>\n\t\t\t\t\t\t<\/select>\n\t\t\t\t\t<\/div>\n\t\t\t\t\t<div class=\"form-group col span_3\">\n\t\t\t\t\t\t<label for=\"cirurgiao_uf\">Estado:<\/label>\n\t\t\t\t\t\t<select name=\"cirurgiao_uf\" id=\"cirurgiao_uf\" class=\"estados\">\n\t\t\t\t\t\t\t<option selected=\"selected\" value=\"\">Estados<\/option>\n\t\t\t\t\t\t\t<option value=\"AC\">AC<\/option>\n\t\t\t\t\t\t\t<option value=\"AL\">AL<\/option>\n\t\t\t\t\t\t\t<option value=\"AP\">AP<\/option>\n\t\t\t\t\t\t\t<option value=\"AM\">AM<\/option>\n\t\t\t\t\t\t\t<option value=\"BA\">BA<\/option>\n\t\t\t\t\t\t\t<option value=\"CE\">CE<\/option>\n\t\t\t\t\t\t\t<option value=\"DF\">DF<\/option>\n\t\t\t\t\t\t\t<option value=\"ES\">ES<\/option>\n\t\t\t\t\t\t\t<option value=\"GO\">GO<\/option>\n\t\t\t\t\t\t\t<option value=\"MA\">MA<\/option>\n\t\t\t\t\t\t\t<option value=\"MT\">MT<\/option>\n\t\t\t\t\t\t\t<option value=\"MS\">MS<\/option>\n\t\t\t\t\t\t\t<option value=\"MG\">MG<\/option>\n\t\t\t\t\t\t\t<option value=\"PA\">PA<\/option>\n\t\t\t\t\t\t\t<option value=\"PB\">PB<\/option>\n\t\t\t\t\t\t\t<option value=\"PR\">PR<\/option>\n\t\t\t\t\t\t\t<option value=\"PE\">PE<\/option>\n\t\t\t\t\t\t\t<option value=\"PI\">PI<\/option>\n\t\t\t\t\t\t\t<option value=\"RJ\">RJ<\/option>\n\t\t\t\t\t\t\t<option value=\"RN\">RN<\/option>\n\t\t\t\t\t\t\t<option value=\"RS\">RS<\/option>\n\t\t\t\t\t\t\t<option value=\"RO\">RO<\/option>\n\t\t\t\t\t\t\t<option value=\"RR\">RR<\/option>\n\t\t\t\t\t\t\t<option value=\"SC\">SC<\/option>\n\t\t\t\t\t\t\t<option value=\"SP\">SP<\/option>\n\t\t\t\t\t\t\t<option value=\"SE\">SE<\/option>\n\t\t\t\t\t\t\t<option value=\"TO\">TO<\/option>\n\t\t\t\t\t\t<\/select>\n\t\t\t\t\t<\/div>\n\t\t\t\t\t<div class=\"form-group col span_2\">\n\t\t\t\t\t\t<input type=\"submit\" name=\"cirurgiao_submit\" id=\"cirurgiao_submit\" value=\"Buscar\">\n\t\t\t\t\t<\/div>\n\t\t\t\t<\/div>\n\t\t\t<input type=\"hidden\" name=\"trp-form-language\" value=\"en\"\/><\/form>\n\t\t<\/div>\n\t\t<div class=\"cirurgiao-results-wrapper\">\n\t\t<\/div>\n\t<\/div>\n\n\t<\/div>\n<\/div>\n\n\n\n\n\t\t\t<\/div> \n\t\t<\/div>\n\t<\/div> \n<\/div><\/div>\n\t\t<div id=\"fws_69dc1352611bd\"  data-column-margin=\"default\" data-midnight=\"dark\"  class=\"wpb_row vc_row-fluid vc_row\"  style=\"padding-top: 0px; padding-bottom: 0px; \"><div class=\"row-bg-wrap\" data-bg-animation=\"none\" data-bg-animation-delay=\"\" data-bg-overlay=\"false\"><div class=\"inner-wrap row-bg-layer\" ><div class=\"row-bg viewport-desktop\"  style=\"\"><\/div><\/div><\/div><div class=\"row_col_wrap_12 col span_12 dark left\">\n\t<div  class=\"vc_col-sm-12 wpb_column column_container vc_column_container col no-extra-padding inherit_tablet inherit_phone\"  data-padding-pos=\"all\" data-has-bg-color=\"false\" data-bg-color=\"\" data-bg-opacity=\"1\" data-animation=\"\" data-delay=\"0\" >\n\t\t<div class=\"vc_column-inner\" >\n\t\t\t<div class=\"wpb_wrapper\">\n\t\t\t\t<div class=\"divider-wrap\" data-alignment=\"default\"><div style=\"height: 100px;\" class=\"divider\"><\/div><\/div>\n\t\t\t<\/div> \n\t\t<\/div>\n\t<\/div> \n<\/div><\/div>","protected":false},"excerpt":{"rendered":"Encontre um Cirurgi\u00e3o Home &gt; Encontre um Cirurgi\u00e3o BUSCAR A sua seguran\u00e7a come\u00e7a aqui O nosso portal \u00e9 uma plataforma multim\u00eddia que congrega todos os cirurgi\u00f5es pl\u00e1sticos certificados do Brasil....","protected":false},"author":1,"featured_media":0,"parent":0,"menu_order":0,"comment_status":"closed","ping_status":"closed","template":"","meta":{"footnotes":""},"class_list":["post-7767","page","type-page","status-publish"],"_links":{"self":[{"href":"http:\/\/www.cirurgiaplastica.org.br\/en\/wp-json\/wp\/v2\/pages\/7767","targetHints":{"allow":["GET"]}}],"collection":[{"href":"http:\/\/www.cirurgiaplastica.org.br\/en\/wp-json\/wp\/v2\/pages"}],"about":[{"href":"http:\/\/www.cirurgiaplastica.org.br\/en\/wp-json\/wp\/v2\/types\/page"}],"author":[{"embeddable":true,"href":"http:\/\/www.cirurgiaplastica.org.br\/en\/wp-json\/wp\/v2\/users\/1"}],"replies":[{"embeddable":true,"href":"http:\/\/www.cirurgiaplastica.org.br\/en\/wp-json\/wp\/v2\/comments?post=7767"}],"version-history":[{"count":8,"href":"http:\/\/www.cirurgiaplastica.org.br\/en\/wp-json\/wp\/v2\/pages\/7767\/revisions"}],"predecessor-version":[{"id":10558,"href":"http:\/\/www.cirurgiaplastica.org.br\/en\/wp-json\/wp\/v2\/pages\/7767\/revisions\/10558"}],"wp:attachment":[{"href":"http:\/\/www.cirurgiaplastica.org.br\/en\/wp-json\/wp\/v2\/media?parent=7767"}],"curies":[{"name":"wp","href":"https:\/\/api.w.org\/{rel}","templated":true}]}}