{"id":1069,"date":"2017-11-06T14:46:18","date_gmt":"2017-11-06T16:46:18","guid":{"rendered":"http:\/\/www2.cirurgiaplastica.org.br\/?page_id=1069"},"modified":"2019-07-09T12:00:27","modified_gmt":"2019-07-09T15:00:27","slug":"bichectomia","status":"publish","type":"page","link":"https:\/\/www.cirurgiaplastica.org.br\/en\/cirurgias-e-procedimentos\/face\/bichectomia\/","title":{"rendered":"Bichectomy"},"content":{"rendered":"<div id=\"fws_69da2146ed973\"  data-column-margin=\"default\" data-midnight=\"light\"  class=\"wpb_row vc_row-fluid vc_row full-width-section\"  style=\"padding-top: 170px; padding-bottom: 120px; \"><div class=\"row-bg-wrap\" data-bg-animation=\"none\" data-bg-animation-delay=\"\" data-bg-overlay=\"true\"><div class=\"inner-wrap row-bg-layer\" ><div class=\"row-bg viewport-desktop\"  style=\"\"><\/div><\/div><div class=\"row-bg-overlay row-bg-layer\" style=\"background: #17466e; background: linear-gradient(90deg,#17466e 0%,#00b7b7 100%);  opacity: 1; \"><\/div><\/div><div class=\"row_col_wrap_12 col span_12 light left\">\n\t<div  class=\"vc_col-sm-12 wpb_column column_container vc_column_container col centered-text no-extra-padding\"  data-padding-pos=\"all\" data-has-bg-color=\"false\" data-bg-color=\"\" data-bg-opacity=\"1\" data-animation=\"\" data-delay=\"0\" >\n\t\t<div class=\"vc_column-inner\" >\n\t\t\t<div class=\"wpb_wrapper\">\n\t\t\t\t<div id=\"fws_69da2146ee6da\" data-midnight=\"\" data-column-margin=\"default\" class=\"wpb_row vc_row-fluid vc_row inner_row\"  style=\"\"><div class=\"row-bg-wrap\"> <div class=\"row-bg\" ><\/div> <\/div><div class=\"row_col_wrap_12_inner col span_12  left\">\n\t<div  class=\"vc_col-sm-12 wpb_column column_container vc_column_container col child_column no-extra-padding\"   data-padding-pos=\"all\" data-has-bg-color=\"false\" data-bg-color=\"\" data-bg-opacity=\"1\" data-animation=\"\" data-delay=\"0\" >\n\t\t<div class=\"vc_column-inner\" >\n\t\t<div class=\"wpb_wrapper\">\n\t\t\t\n<div class=\"wpb_text_column wpb_content_element\" >\n\t<div class=\"wpb_wrapper\">\n\t\t<h1>Bichectomy<\/h1>\n\t<\/div>\n<\/div>\n\n\n\n\n\t\t<\/div> \n\t<\/div>\n\t<\/div> \n<\/div><\/div>\n<div class=\"wpb_text_column wpb_content_element\" >\n\t<div class=\"wpb_wrapper\">\n\t\t<p><a href=\"#\">Home<\/a> &gt; Surgeries and Procedures &gt; <a href=\"\/en\/cirurgias-e-procedimentos\/face\/\">Face<\/a> &gt; <a href=\"\/en\/cirurgias-e-procedimentos\/face\/bichectomia\/\">Bichectomy<\/a><\/p>\n\t<\/div>\n<\/div>\n\n\n\n\n\t\t\t<\/div> \n\t\t<\/div>\n\t<\/div> \n<\/div><\/div>\n\t\t<div id=\"fws_69da2146ef922\"  data-column-margin=\"default\" data-midnight=\"dark\"  class=\"wpb_row vc_row-fluid vc_row full-width-content vc_row-o-equal-height vc_row-flex vc_row-o-content-top\"  style=\"padding-top: 70px; padding-bottom: 0px; \"><div class=\"row-bg-wrap\" data-bg-animation=\"none\" data-bg-animation-delay=\"\" data-bg-overlay=\"false\"><div class=\"inner-wrap row-bg-layer\" ><div class=\"row-bg viewport-desktop using-bg-color\"  style=\"background-color: #17466e; \"><\/div><\/div><\/div><div class=\"row_col_wrap_12 col span_12 dark left\">\n\t<div  class=\"vc_col-sm-12 wpb_column column_container vc_column_container col no-extra-padding\"  data-padding-pos=\"all\" data-has-bg-color=\"false\" data-bg-color=\"\" data-bg-opacity=\"1\" data-animation=\"\" data-delay=\"0\" >\n\t\t<div class=\"vc_column-inner\" >\n\t\t\t<div class=\"wpb_wrapper\">\n\t\t\t\t\n\t\t\t<\/div> \n\t\t<\/div>\n\t<\/div> \n<\/div><\/div>\n\t\t<div id=\"fws_69da2146f032a\"  data-column-margin=\"default\" data-midnight=\"dark\"  class=\"wpb_row vc_row-fluid vc_row full-width-content vc_row-o-equal-height vc_row-flex vc_row-o-content-top reverse-column\"  style=\"padding-top: 0px; padding-bottom: 0px; \"><div class=\"row-bg-wrap\" data-bg-animation=\"none\" data-bg-animation-delay=\"\" data-bg-overlay=\"false\"><div class=\"inner-wrap row-bg-layer\" ><div class=\"row-bg viewport-desktop\"  style=\"\"><\/div><\/div><\/div><div class=\"row_col_wrap_12 col span_12 dark left\">\n\t<div style=\"margin-bottom: 100px; \" class=\"vc_col-sm-3 menu-interno-lateral-coluna wpb_column column_container vc_column_container col no-extra-padding\" data-using-bg=\"true\" data-padding-pos=\"all\" data-has-bg-color=\"true\" data-bg-color=\"#f4f4f4\" data-bg-opacity=\"1\" data-animation=\"\" data-delay=\"0\" >\n\t\t<div class=\"vc_column-inner\" ><div class=\"column-bg-overlay-wrap column-bg-layer\" data-bg-animation=\"none\"><div class=\"column-bg-overlay\" style=\"opacity: 1; background-color: #f4f4f4;\"><\/div><\/div>\n\t\t\t<div class=\"wpb_wrapper\">\n\t\t\t\t\n<div class=\"wpb_text_column wpb_content_element  menu-interno-lateral\" >\n\t<div class=\"wpb_wrapper\">\n\t\t<p><a href=\"\/en\/cirurgias-e-procedimentos\/cancer-de-pele\/\">Skin Cancer<\/a><\/p>\n\t<\/div>\n<\/div>\n\n\n\n\n<div class=\"wpb_text_column wpb_content_element  menu-interno-lateral\" >\n\t<div class=\"wpb_wrapper\">\n\t\t<p><a href=\"\/en\/cirurgias-e-procedimentos\/cirurgia-da-mao\/\">Hand Surgery<\/a><\/p>\n\t<\/div>\n<\/div>\n\n\n\n\n<div class=\"wpb_text_column wpb_content_element  menu-interno-lateral\" >\n\t<div class=\"wpb_wrapper\">\n\t\t<p><a href=\"\/en\/cirurgias-e-procedimentos\/cirurgia-para-homens\/\">Surgery for Men<\/a><\/p>\n\t<\/div>\n<\/div>\n\n\n\n<div class=\"toggles\" data-br=\"\" data-starting=\"default\" data-style=\"default\"><div class=\"toggle default\" data-inner-wrap=\"true\"><h3 class=\"toggle-title\"><a href=\"#\" role=\"button\" class=\"toggle-heading\"><i role=\"presentation\" class=\"fa fa-plus-circle\"><\/i>Body Contouring<\/a><\/h3><div><div class=\"inner-toggle-wrap\">\n<div class=\"wpb_text_column wpb_content_element  menu-interno-lateral\" >\n\t<div class=\"wpb_wrapper\">\n\t\t<p><a href=\"\/en\/cirurgias-e-procedimentos\/contorno-corporal\/abdomen\/\">Abdomen<\/a><\/p>\n\t<\/div>\n<\/div>\n\n\n\n\n<div class=\"wpb_text_column wpb_content_element  menu-interno-lateral\" >\n\t<div class=\"wpb_wrapper\">\n\t\t<p><a href=\"\/en\/cirurgias-e-procedimentos\/contorno-corporal\/contorno-corporal\/\">Body Contouring<\/a><\/p>\n\t<\/div>\n<\/div>\n\n\n\n\n<div class=\"wpb_text_column wpb_content_element  menu-interno-lateral\" >\n\t<div class=\"wpb_wrapper\">\n\t\t<p><a href=\"\/en\/cirurgias-e-procedimentos\/contorno-corporal\/lifting-de-braco\/\">Arm Lift<\/a><\/p>\n\t<\/div>\n<\/div>\n\n\n\n\n<div class=\"wpb_text_column wpb_content_element  menu-interno-lateral\" >\n\t<div class=\"wpb_wrapper\">\n\t\t<p><a href=\"\/en\/cirurgias-e-procedimentos\/contorno-corporal\/lifting-de-coxa\/\">Thigh Lift<\/a><\/p>\n\t<\/div>\n<\/div>\n\n\n\n\n<div class=\"wpb_text_column wpb_content_element  menu-interno-lateral\" >\n\t<div class=\"wpb_wrapper\">\n\t\t<p><a href=\"\/en\/cirurgias-e-procedimentos\/contorno-corporal\/pos-bariatrica\/\">Post Bariatric<\/a><\/p>\n\t<\/div>\n<\/div>\n\n\n\n<\/div><\/div><\/div><\/div>\n\n\n\n\n\n\n\n\n\n\n\n\n\n\n\n\n\n\n\n\n<div class=\"wpb_text_column wpb_content_element  menu-interno-lateral\" >\n\t<div class=\"wpb_wrapper\">\n\t\t<p><a href=\"\/en\/cirurgias-e-procedimentos\/correcao-de-cicatriz\/\">Scar Correction<\/a><\/p>\n\t<\/div>\n<\/div>\n\n\n\n\n<div class=\"wpb_text_column wpb_content_element  menu-interno-lateral\" >\n\t<div class=\"wpb_wrapper\">\n\t\t<p><a href=\"\/en\/cirurgias-e-procedimentos\/expansao-de-tecido\/\">Tissue Expansion<\/a><\/p>\n\t<\/div>\n<\/div>\n\n\n\n<div class=\"toggles accordion\" data-br=\"\" data-starting=\"default\" data-style=\"default\"><div class=\"toggle default\" data-inner-wrap=\"true\"><h3 class=\"toggle-title\"><a href=\"#\" role=\"button\" class=\"toggle-heading\"><i role=\"presentation\" class=\"fa fa-plus-circle\"><\/i>Face<\/a><\/h3><div><div class=\"inner-toggle-wrap\">\n<div class=\"wpb_text_column wpb_content_element  menu-interno-lateral\" >\n\t<div class=\"wpb_wrapper\">\n\t\t<p><a href=\"\/en\/cirurgias-e-procedimentos\/face\/bichectomia\/\">Bichectomy<\/a><\/p>\n\t<\/div>\n<\/div>\n\n\n\n\n<div class=\"wpb_text_column wpb_content_element  menu-interno-lateral\" >\n\t<div class=\"wpb_wrapper\">\n\t\t<p><a href=\"\/en\/cirurgias-e-procedimentos\/face\/\/cirurgias-e-procedimentos\/face\/cirurgia-de-palpebra\/\">Eyelid Surgery<\/a><\/p>\n\t<\/div>\n<\/div>\n\n\n\n\n<div class=\"wpb_text_column wpb_content_element  menu-interno-lateral\" >\n\t<div class=\"wpb_wrapper\">\n\t\t<p><a href=\"\/en\/cirurgias-e-procedimentos\/face\/implantes-faciais\/\">Facial Implants<\/a><\/p>\n\t<\/div>\n<\/div>\n\n\n\n\n<div class=\"wpb_text_column wpb_content_element  menu-interno-lateral\" >\n\t<div class=\"wpb_wrapper\">\n\t\t<p><a href=\"\/en\/cirurgias-e-procedimentos\/face\/lifting-facial\/\">Face Lift<\/a><\/p>\n\t<\/div>\n<\/div>\n\n\n\n\n<div class=\"wpb_text_column wpb_content_element  menu-interno-lateral\" >\n\t<div class=\"wpb_wrapper\">\n\t\t<p><a href=\"\/en\/cirurgias-e-procedimentos\/face\/lifting-de-sobrancelhas\/\">Eyebrow Lift<\/a><\/p>\n\t<\/div>\n<\/div>\n\n\n\n\n<div class=\"wpb_text_column wpb_content_element  menu-interno-lateral\" >\n\t<div class=\"wpb_wrapper\">\n\t\t<p><a href=\"\/en\/cirurgias-e-procedimentos\/face\/cirurgia-de-queixo\/\">Chin Surgery<\/a><\/p>\n\t<\/div>\n<\/div>\n\n\n\n\n<div class=\"wpb_text_column wpb_content_element  menu-interno-lateral\" >\n\t<div class=\"wpb_wrapper\">\n\t\t<p><a href=\"\/en\/cirurgias-e-procedimentos\/face\/cirurgia-de-orelha\/\">Ear Surgery<\/a><\/p>\n\t<\/div>\n<\/div>\n\n\n\n\n<div class=\"wpb_text_column wpb_content_element  menu-interno-lateral\" >\n\t<div class=\"wpb_wrapper\">\n\t\t<p><a href=\"\/en\/cirurgias-e-procedimentos\/face\/cirurgia-de-nariz\/\">Nose Surgery<\/a><\/p>\n\t<\/div>\n<\/div>\n\n\n\n\n<div class=\"wpb_text_column wpb_content_element  menu-interno-lateral\" >\n\t<div class=\"wpb_wrapper\">\n\t\t<p><a href=\"\/en\/cirurgias-e-procedimentos\/face\/lifting-de-testa\/\">Forehead Lift<\/a><\/p>\n\t<\/div>\n<\/div>\n\n\n\n\n<div class=\"wpb_text_column wpb_content_element  menu-interno-lateral\" >\n\t<div class=\"wpb_wrapper\">\n\t\t<p><a href=\"\/en\/cirurgias-e-procedimentos\/face\/tumores-cutaneos\/\">Skin Tumors<\/a><\/p>\n\t<\/div>\n<\/div>\n\n\n\n<\/div><\/div><\/div><\/div>\n\n\n\n\n\n\n\n\n\n\n\n\n\n\n\n\n\n\n\n\n<div class=\"wpb_text_column wpb_content_element  menu-interno-lateral\" >\n\t<div class=\"wpb_wrapper\">\n\t\t<p><a href=\"\/en\/cirurgias-e-procedimentos\/labio-leporino\/\">Cleft Lip<\/a><\/p>\n\t<\/div>\n<\/div>\n\n\n\n\n<div class=\"wpb_text_column wpb_content_element  menu-interno-lateral\" >\n\t<div class=\"wpb_wrapper\">\n\t\t<p><a href=\"\/en\/cirurgias-e-procedimentos\/lipoaspiracao\/\">Liposuction<\/a><\/p>\n\t<\/div>\n<\/div>\n\n\n\n<div class=\"toggles\" data-br=\"\" data-starting=\"default\" data-style=\"default\"><div class=\"toggle default\" data-inner-wrap=\"true\"><h3 class=\"toggle-title\"><a href=\"#\" role=\"button\" class=\"toggle-heading\"><i role=\"presentation\" class=\"fa fa-plus-circle\"><\/i>Breast<\/a><\/h3><div><div class=\"inner-toggle-wrap\">\n<div class=\"wpb_text_column wpb_content_element  menu-interno-lateral\" >\n\t<div class=\"wpb_wrapper\">\n\t\t<p><a href=\"\/en\/cirurgias-e-procedimentos\/mama\/reducao-de-mama\/\">Breast Reduction<\/a><\/p>\n\t<\/div>\n<\/div>\n\n\n\n\n<div class=\"wpb_text_column wpb_content_element  menu-interno-lateral\" >\n\t<div class=\"wpb_wrapper\">\n\t\t<p><a href=\"\/en\/cirurgias-e-procedimentos\/mama\/mamoplastia-de-aumento\/\">Breast Augmentation<\/a><\/p>\n\t<\/div>\n<\/div>\n\n\n\n\n<div class=\"wpb_text_column wpb_content_element  menu-interno-lateral\" >\n\t<div class=\"wpb_wrapper\">\n\t\t<p><a href=\"\/en\/cirurgias-e-procedimentos\/mama\/mamoplastia-redutora\/\">Reduction Mammoplasty<\/a><\/p>\n\t<\/div>\n<\/div>\n\n\n\n\n<div class=\"wpb_text_column wpb_content_element  menu-interno-lateral\" >\n\t<div class=\"wpb_wrapper\">\n\t\t<p><a href=\"\/en\/cirurgias-e-procedimentos\/mama\/lifting-de-mama\/\">Breast Lift<\/a><\/p>\n\t<\/div>\n<\/div>\n\n\n\n\n<div class=\"wpb_text_column wpb_content_element  menu-interno-lateral\" >\n\t<div class=\"wpb_wrapper\">\n\t\t<p><a href=\"\/en\/cirurgias-e-procedimentos\/mama\/reconstrucao-mamaria\/\">Breast Reconstruction<\/a><\/p>\n\t<\/div>\n<\/div>\n\n\n\n<\/div><\/div><\/div><\/div>\n\n\n\n\n\n\n\n\n\n\n\n\n\n\n\n\n\n\n\n<div class=\"toggles\" data-br=\"\" data-starting=\"default\" data-style=\"default\"><div class=\"toggle default\" data-inner-wrap=\"true\"><h3 class=\"toggle-title\"><a href=\"#\" role=\"button\" class=\"toggle-heading\"><i role=\"presentation\" class=\"fa fa-plus-circle\"><\/i>Minimally Invasive<\/a><\/h3><div><div class=\"inner-toggle-wrap\">\n<div class=\"wpb_text_column wpb_content_element  menu-interno-lateral\" >\n\t<div class=\"wpb_wrapper\">\n\t\t<p><a href=\"\/en\/cirurgias-e-procedimentos\/minimamente-invasivos\/dermoabrasao\/\">Dermabrasion<\/a><\/p>\n\t<\/div>\n<\/div>\n\n\n\n\n<div class=\"wpb_text_column wpb_content_element  menu-interno-lateral\" >\n\t<div class=\"wpb_wrapper\">\n\t\t<p><a href=\"\/en\/cirurgias-e-procedimentos\/minimamente-invasivos\/laser\/\">Laser<\/a><\/p>\n\t<\/div>\n<\/div>\n\n\n\n\n<div class=\"wpb_text_column wpb_content_element  menu-interno-lateral\" >\n\t<div class=\"wpb_wrapper\">\n\t\t<p><a href=\"\/en\/cirurgias-e-procedimentos\/minimamente-invasivos\/peeling-quimico\/\">Chemical Peeling<\/a><\/p>\n\t<\/div>\n<\/div>\n\n\n\n\n<div class=\"wpb_text_column wpb_content_element  menu-interno-lateral\" >\n\t<div class=\"wpb_wrapper\">\n\t\t<p><a href=\"\/en\/cirurgias-e-procedimentos\/minimamente-invasivos\/plasma-rico-em-plaquetas\/\">Plasma Rico em Plaquetas<\/a><\/p>\n\t<\/div>\n<\/div>\n\n\n\n\n<div class=\"wpb_text_column wpb_content_element  menu-interno-lateral\" >\n\t<div class=\"wpb_wrapper\">\n\t\t<p><a href=\"\/en\/cirurgias-e-procedimentos\/minimamente-invasivos\/preenchimento-cutaneo\/\">Dermal Filler<\/a><\/p>\n\t<\/div>\n<\/div>\n\n\n\n\n<div class=\"wpb_text_column wpb_content_element  menu-interno-lateral\" >\n\t<div class=\"wpb_wrapper\">\n\t\t<p><a href=\"\/en\/cirurgias-e-procedimentos\/minimamente-invasivos\/toxina-botulinica\/\">Botulinum Toxin<\/a><\/p>\n\t<\/div>\n<\/div>\n\n\n\n<\/div><\/div><\/div><\/div>\n\n\n\n\n\n\n\n\n\n\n\n\n\n\n\n\n\n\n\n\n<div class=\"wpb_text_column wpb_content_element  menu-interno-lateral\" >\n\t<div class=\"wpb_wrapper\">\n\t\t<p><a href=\"\/en\/cirurgias-e-procedimentos\/queimadura\/\">Burn<\/a><\/p>\n\t<\/div>\n<\/div>\n\n\n\n\n<div class=\"wpb_text_column wpb_content_element  menu-interno-lateral\" >\n\t<div class=\"wpb_wrapper\">\n\t\t<p><a href=\"\/en\/cirurgias-e-procedimentos\/transplante-capilar\/\">Hair Transplant<\/a><\/p>\n\t<\/div>\n<\/div>\n\n\n\n\n<div class=\"wpb_text_column wpb_content_element  menu-interno-lateral\" >\n\t<div class=\"wpb_wrapper\">\n\t\t<p><a href=\"\/en\/cirurgias-e-procedimentos\/rejuvenescimento-da-pele\/\">Skin Rejuvenation<\/a><\/p>\n\t<\/div>\n<\/div>\n\n\n\n\n\t\t\t<\/div> \n\t\t<\/div>\n\t<\/div> \n\n\t<div  class=\"vc_col-sm-9 wpb_column column_container vc_column_container col padding-4-percent\"  data-padding-pos=\"left-right\" data-has-bg-color=\"false\" data-bg-color=\"\" data-bg-opacity=\"1\" data-animation=\"\" data-delay=\"0\" >\n\t\t<div class=\"vc_column-inner\" >\n\t\t\t<div class=\"wpb_wrapper\">\n\t\t\t\t<div class=\"divider-wrap\" data-alignment=\"default\"><div style=\"height: 50px;\" class=\"divider\"><\/div><\/div><div id=\"fws_69da2147017ca\" data-midnight=\"\" data-column-margin=\"default\" class=\"wpb_row vc_row-fluid vc_row inner_row\"  style=\"\"><div class=\"row-bg-wrap\"> <div class=\"row-bg\" ><\/div> <\/div><div class=\"row_col_wrap_12_inner col span_12  left\">\n\t<div  class=\"vc_col-sm-9 wpb_column column_container vc_column_container col child_column no-extra-padding\"   data-padding-pos=\"all\" data-has-bg-color=\"false\" data-bg-color=\"\" data-bg-opacity=\"1\" data-animation=\"\" data-delay=\"0\" >\n\t\t<div class=\"vc_column-inner\" >\n\t\t<div class=\"wpb_wrapper\">\n\t\t\t\n<div class=\"wpb_text_column wpb_content_element  wpb_animate_when_almost_visible wpb_fadeInUp fadeInUp\" >\n\t<div class=\"wpb_wrapper\">\n\t\t<h1><span style=\"color: #17466e;\">Bichectomy<\/span><\/h1>\n\t<\/div>\n<\/div>\n\n\n\n<div class=\"divider-wrap\" data-alignment=\"default\"><div style=\"height: 40px;\" class=\"divider\"><\/div><\/div>\n<div class=\"wpb_text_column wpb_content_element\" style=\" max-width: 650px; display: inline-block;\">\n\t<div class=\"wpb_wrapper\">\n\t\t<p><span style=\"color: #999999;\">The face has a complex anatomy. Among its multiple and delicate structures there are several fat compartments that function as protective cushions. Among these compartments, there is one that extends almost along the entire lateral surface of the face, in a deep plane, from the temple to close to the jaw, receiving the name Ball or Bag of Bichat (in honor of the French anatomist who first described it). In the \u201chollow\u201d region of the oral cavity (cheek region) it is where it is thickest and, when in large volume, can give a more rounded appearance to the face (with an important genetic component).<\/span><\/p>\n\t<\/div>\n<\/div>\n\n\n\n\n\t\t<\/div> \n\t<\/div>\n\t<\/div> \n\n\t<div  class=\"vc_col-sm-3 wpb_column column_container vc_column_container col child_column no-extra-padding\"   data-padding-pos=\"all\" data-has-bg-color=\"false\" data-bg-color=\"\" data-bg-opacity=\"1\" data-animation=\"\" data-delay=\"0\" >\n\t\t<div class=\"vc_column-inner\" >\n\t\t<div class=\"wpb_wrapper\">\n\t\t\t<div class=\"img-with-aniamtion-wrap center\" data-max-width=\"100%\" data-max-width-mobile=\"100%\" data-shadow=\"none\" data-animation=\"fade-in-from-right\" >\n      <div class=\"inner\">\n        <div class=\"hover-wrap\"> \n          <div class=\"hover-wrap-inner\">\n            <img loading=\"lazy\" decoding=\"async\" class=\"img-with-animation skip-lazy\" data-delay=\"150\" height=\"140\" width=\"150\" data-animation=\"fade-in-from-right\" src=\"https:\/\/www.cirurgiaplastica.org.br\/wp-content\/uploads\/2017\/11\/bichectomia.png\" alt=\"\"  \/>\n          <\/div>\n        <\/div>\n      <\/div>\n    <\/div>\n\t\t<\/div> \n\t<\/div>\n\t<\/div> \n<\/div><\/div><div class=\"divider-wrap\" data-alignment=\"default\"><div style=\"height: 50px;\" class=\"divider\"><\/div><\/div><div class=\"toggles\" data-br=\"\" data-starting=\"default\" data-style=\"default\"><div class=\"toggle accent-color\" data-inner-wrap=\"true\"><h3 class=\"toggle-title\"><a href=\"#\" role=\"button\" class=\"toggle-heading\"><i role=\"presentation\" class=\"fa fa-plus-circle\"><\/i>WHAT IS IT?<\/a><\/h3><div><div class=\"inner-toggle-wrap\">\n<div class=\"wpb_text_column wpb_content_element\" >\n\t<div class=\"wpb_wrapper\">\n\t\t<p><span style=\"color: #999999\">Bichectomy is the name given to the surgical removal of part of this fat compartment, aiming to modify\/refine the facial contour.<\/span><\/p>\n\t<\/div>\n<\/div>\n\n\n\n<\/div><\/div><\/div><div class=\"toggle accent-color\" data-inner-wrap=\"true\"><h3 class=\"toggle-title\"><a href=\"#\" role=\"button\" class=\"toggle-heading\"><i role=\"presentation\" class=\"fa fa-plus-circle\"><\/i>IS IT RIGHT FOR ME?<\/a><\/h3><div><div class=\"inner-toggle-wrap\">\n<div class=\"wpb_text_column wpb_content_element\" >\n\t<div class=\"wpb_wrapper\">\n\t\t<p><span style=\"color: #999999\">Whether or not to recommend the procedure depends on an in-person assessment. In principle, men and women could benefit, and it is not recommended for patients under 16-18 years of age or outside the ideal weight.<\/span><\/p>\n\t<\/div>\n<\/div>\n\n\n\n<\/div><\/div><\/div><div class=\"toggle accent-color\" data-inner-wrap=\"true\"><h3 class=\"toggle-title\"><a href=\"#\" role=\"button\" class=\"toggle-heading\"><i role=\"presentation\" class=\"fa fa-plus-circle\"><\/i>HOW IS IT PERFORMED?<\/a><\/h3><div><div class=\"inner-toggle-wrap\">\n<div class=\"wpb_text_column wpb_content_element\" >\n\t<div class=\"wpb_wrapper\">\n\t\t<p><span style=\"color: #999999\">As the fat compartment to be reached is in a deep plane (below noble structures in the facial region), access through a small incision in the oral cavity facilitates its identification and manipulation, minimizing risks.<\/span><\/p>\n<p><span style=\"color: #999999\">The risks are those common to any surgical procedure (bleeding, infection) in addition to those related to local peculiarities. The access region in the oral cavity is close to the ostium of the parotid duct (where saliva \u2013 secreted by the parotid gland \u2013 reaches the mouth) and the buccal branches of the facial nerve (responsible for moving part of the mouth's muscles), which could favor inadvertent damage to these structures. Another important point, when it comes to the oral cavity, is the care related to protecting the airway, which is vulnerable to liquids or fragments that could move later in the mouth, particularly in patients with a reduced level of consciousness (under the effect of anesthetics) . Hence the importance of the procedure being carried out by trained professionals and in an appropriate environment.<\/span><\/p>\n\t<\/div>\n<\/div>\n\n\n\n<\/div><\/div><\/div><div class=\"toggle accent-color\" data-inner-wrap=\"true\"><h3 class=\"toggle-title\"><a href=\"#\" role=\"button\" class=\"toggle-heading\"><i role=\"presentation\" class=\"fa fa-plus-circle\"><\/i>HOW LONG DOES IT TAKE?<\/a><\/h3><div><div class=\"inner-toggle-wrap\">\n<div class=\"wpb_text_column wpb_content_element\" >\n\t<div class=\"wpb_wrapper\">\n\t\t<p><span style=\"color: #999999\">It varies depending on the surgeon's experience, type of anesthesia used and complications. In general, it is usually a quick procedure.<\/span><\/p>\n\t<\/div>\n<\/div>\n\n\n\n<\/div><\/div><\/div><div class=\"toggle accent-color\" data-inner-wrap=\"true\"><h3 class=\"toggle-title\"><a href=\"#\" role=\"button\" class=\"toggle-heading\"><i role=\"presentation\" class=\"fa fa-plus-circle\"><\/i>HOW LONG IS THE RECOVERY TIME?<\/a><\/h3><div><div class=\"inner-toggle-wrap\">\n<div class=\"wpb_text_column wpb_content_element\" >\n\t<div class=\"wpb_wrapper\">\n\t\t<p><span style=\"color: #999999\">Pain is usually not important. Edema and bruises can last from a few days to a few weeks, varying from case to case.<\/span><\/p>\n\t<\/div>\n<\/div>\n\n\n\n<\/div><\/div><\/div><div class=\"toggle accent-color\" data-inner-wrap=\"true\"><h3 class=\"toggle-title\"><a href=\"#\" role=\"button\" class=\"toggle-heading\"><i role=\"presentation\" class=\"fa fa-plus-circle\"><\/i>IF A PERSON GET FAT, CAN THEY GET BACK?<\/a><\/h3><div><div class=\"inner-toggle-wrap\">\n<div class=\"wpb_text_column wpb_content_element\" >\n\t<div class=\"wpb_wrapper\">\n\t\t<p><span style=\"color: #999999\">With an increase in body fat, there may be a change in facial contour due to accumulation in other regions susceptible to changes in volume, but unlikely due to recurrence of the portion removed from the Bichat Ball.<\/span><\/p>\n\t<\/div>\n<\/div>\n\n\n\n<\/div><\/div><\/div><div class=\"toggle accent-color\" data-inner-wrap=\"true\"><h3 class=\"toggle-title\"><a href=\"#\" role=\"button\" class=\"toggle-heading\"><i role=\"presentation\" class=\"fa fa-plus-circle\"><\/i>HOW MUCH?<\/a><\/h3><div><div class=\"inner-toggle-wrap\">\n<div class=\"wpb_text_column wpb_content_element\" >\n\t<div class=\"wpb_wrapper\">\n\t\t<p><span style=\"color: #999999\">The price depends on the surgeon's and team's fees, hospital stay and materials, and is therefore quite variable. The Code of Medical Ethics prohibits this type of disclosure. It is worth warning: training and infrastructure involve costs; be wary of surprisingly low prices.<\/span><\/p>\n\t<\/div>\n<\/div>\n\n\n\n<\/div><\/div><\/div><\/div>\n\n\n\n\n\n\n\n\n\n\n\n\n\n\n\n\n\n\n\n<div class=\"divider-wrap\" data-alignment=\"default\"><div style=\"height: 50px;\" class=\"divider\"><\/div><\/div>\n\t\t\t<\/div> \n\t\t<\/div>\n\t<\/div> \n<\/div><\/div>","protected":false},"excerpt":{"rendered":"Bichectomia Home &gt; Cirurgias e Procedimentos &gt; Face &gt; Bichectomia C\u00e2ncer de Pele Cirurgia da M\u00e3o Cirurgia para Homens Contorno Corporal Abd\u00f4men Contorno Corporal Lifting de Bra\u00e7o Lifting de Coxa...","protected":false},"author":1,"featured_media":0,"parent":898,"menu_order":0,"comment_status":"closed","ping_status":"closed","template":"","meta":{"footnotes":""},"class_list":["post-1069","page","type-page","status-publish"],"_links":{"self":[{"href":"https:\/\/www.cirurgiaplastica.org.br\/en\/wp-json\/wp\/v2\/pages\/1069","targetHints":{"allow":["GET"]}}],"collection":[{"href":"https:\/\/www.cirurgiaplastica.org.br\/en\/wp-json\/wp\/v2\/pages"}],"about":[{"href":"https:\/\/www.cirurgiaplastica.org.br\/en\/wp-json\/wp\/v2\/types\/page"}],"author":[{"embeddable":true,"href":"https:\/\/www.cirurgiaplastica.org.br\/en\/wp-json\/wp\/v2\/users\/1"}],"replies":[{"embeddable":true,"href":"https:\/\/www.cirurgiaplastica.org.br\/en\/wp-json\/wp\/v2\/comments?post=1069"}],"version-history":[{"count":7,"href":"https:\/\/www.cirurgiaplastica.org.br\/en\/wp-json\/wp\/v2\/pages\/1069\/revisions"}],"predecessor-version":[{"id":6377,"href":"https:\/\/www.cirurgiaplastica.org.br\/en\/wp-json\/wp\/v2\/pages\/1069\/revisions\/6377"}],"up":[{"embeddable":true,"href":"https:\/\/www.cirurgiaplastica.org.br\/en\/wp-json\/wp\/v2\/pages\/898"}],"wp:attachment":[{"href":"https:\/\/www.cirurgiaplastica.org.br\/en\/wp-json\/wp\/v2\/media?parent=1069"}],"curies":[{"name":"wp","href":"https:\/\/api.w.org\/{rel}","templated":true}]}}