{"id":205,"date":"2017-10-20T11:11:44","date_gmt":"2017-10-20T13:11:44","guid":{"rendered":"http:\/\/www2.cirurgiaplastica.org.br\/?page_id=205"},"modified":"2025-08-21T10:31:22","modified_gmt":"2025-08-21T13:31:22","slug":"missao","status":"publish","type":"page","link":"https:\/\/www.cirurgiaplastica.org.br\/en\/sbcp\/missao\/","title":{"rendered":"Mission"},"content":{"rendered":"<div id=\"fws_69f2253d6961c\"  data-column-margin=\"default\" data-midnight=\"light\"  class=\"wpb_row vc_row-fluid vc_row full-width-section\"  style=\"padding-top: 170px; padding-bottom: 120px; \"><div class=\"row-bg-wrap\" data-bg-animation=\"none\" data-bg-animation-delay=\"\" data-bg-overlay=\"true\"><div class=\"inner-wrap row-bg-layer\" ><div class=\"row-bg viewport-desktop\"  style=\"\"><\/div><\/div><div class=\"row-bg-overlay row-bg-layer\" style=\"background: #17466e; background: linear-gradient(90deg,#17466e 0%,#00b7b7 100%);  opacity: 1; \"><\/div><\/div><div class=\"row_col_wrap_12 col span_12 light left\">\n\t<div  class=\"vc_col-sm-12 wpb_column column_container vc_column_container col centered-text no-extra-padding inherit_tablet inherit_phone\"  data-padding-pos=\"all\" data-has-bg-color=\"false\" data-bg-color=\"\" data-bg-opacity=\"1\" data-animation=\"\" data-delay=\"0\" >\n\t\t<div class=\"vc_column-inner\" >\n\t\t\t<div class=\"wpb_wrapper\">\n\t\t\t\t<div id=\"fws_69f2253d6aa9f\" data-midnight=\"\" data-column-margin=\"default\" class=\"wpb_row vc_row-fluid vc_row inner_row\"  style=\"\"><div class=\"row-bg-wrap\"> <div class=\"row-bg\" ><\/div> <\/div><div class=\"row_col_wrap_12_inner col span_12  left\">\n\t<div  class=\"vc_col-sm-12 wpb_column column_container vc_column_container col child_column no-extra-padding inherit_tablet inherit_phone\"   data-padding-pos=\"all\" data-has-bg-color=\"false\" data-bg-color=\"\" data-bg-opacity=\"1\" data-animation=\"\" data-delay=\"0\" >\n\t\t<div class=\"vc_column-inner\" >\n\t\t<div class=\"wpb_wrapper\">\n\t\t\t\n<div class=\"wpb_text_column wpb_content_element\" >\n\t<div class=\"wpb_wrapper\">\n\t\t<h1>Mission<\/h1>\n\t<\/div>\n<\/div>\n\n\n\n\n\t\t<\/div> \n\t<\/div>\n\t<\/div> \n<\/div><\/div>\n<div class=\"wpb_text_column wpb_content_element\" >\n\t<div class=\"wpb_wrapper\">\n\t\t<p><a href=\"#\">Home<\/a> &gt; SBCP &gt; <a href=\"\/en\/sbcp\/missao\/\">Mission<\/a><\/p>\n\t<\/div>\n<\/div>\n\n\n\n\n\t\t\t<\/div> \n\t\t<\/div>\n\t<\/div> \n<\/div><\/div>\n\t\t<div id=\"fws_69f2253d6c517\"  data-column-margin=\"default\" data-midnight=\"dark\"  class=\"wpb_row vc_row-fluid vc_row\"  style=\"padding-top: 0px; padding-bottom: 0px; \"><div class=\"row-bg-wrap\" data-bg-animation=\"none\" data-bg-animation-delay=\"\" data-bg-overlay=\"false\"><div class=\"inner-wrap row-bg-layer\" ><div class=\"row-bg viewport-desktop\"  style=\"\"><\/div><\/div><\/div><div class=\"row_col_wrap_12 col span_12 dark left\">\n\t<div  class=\"vc_col-sm-12 wpb_column column_container vc_column_container col no-extra-padding inherit_tablet inherit_phone\"  data-padding-pos=\"all\" data-has-bg-color=\"false\" data-bg-color=\"\" data-bg-opacity=\"1\" data-animation=\"\" data-delay=\"0\" >\n\t\t<div class=\"vc_column-inner\" >\n\t\t\t<div class=\"wpb_wrapper\">\n\t\t\t\t<div class=\"page-submenu\" data-bg-color=\"#17466e\" data-sticky=\"true\" data-alignment=\"center\"><div class=\"full-width-content\" style=\"background-color:#17466e; color: #99fff5;\"><a href=\"#\" class=\"mobile-menu-link\"><i class=\"salient-page-submenu-icon\"><\/i>Menu<\/a><ul style=\"background-color:#17466e; color: #99fff5;\"><li><a  href=\"\/en\/sbcp\/sobre\/\">About<\/a><\/li><li><a  href=\"\/en\/sbcp\/missao\/\">Mission<\/a><\/li><li><a  href=\"\/en\/sbcp\/diretoria\/\">Board<\/a><\/li><li><a  href=\"\/en\/sbcp\/regionais\/\">Regionals<\/a><\/li><li><a  href=\"\/en\/sbcp\/servicos-credenciados\/\">Accredited Services<\/a><\/li><li><a target=\"_blank\" href=\"https:\/\/servcred.cirurgiaplastica.org.br\/login.aspx?ReturnUrl=%2f\">Regents<\/a><\/li><li><a  href=\"\/en\/sbcp\/capitulos-e-comissoes\/\">Chapters and Commissions<\/a><\/li><li><a  href=\"\/en\/sbcp\/museu\/\">Museum<\/a><\/li><li><a  href=\"\/en\/sbcp\/eleicoes\/\">Elections<\/a><\/li><\/ul><\/div><\/div>\n\t\t\t<\/div> \n\t\t<\/div>\n\t<\/div> \n<\/div><\/div>\n\t\t<div id=\"fws_69f2253d6f15b\"  data-column-margin=\"default\" data-midnight=\"dark\"  class=\"wpb_row vc_row-fluid vc_row\"  style=\"padding-top: 50px; padding-bottom: 0px; \"><div class=\"row-bg-wrap\" data-bg-animation=\"none\" data-bg-animation-delay=\"\" data-bg-overlay=\"false\"><div class=\"inner-wrap row-bg-layer\" ><div class=\"row-bg viewport-desktop\"  style=\"\"><\/div><\/div><\/div><div class=\"row_col_wrap_12 col span_12 dark left\">\n\t<div  class=\"vc_col-sm-8 wpb_column column_container vc_column_container col no-extra-padding inherit_tablet inherit_phone\"  data-padding-pos=\"all\" data-has-bg-color=\"false\" data-bg-color=\"\" data-bg-opacity=\"1\" data-animation=\"\" data-delay=\"0\" >\n\t\t<div class=\"vc_column-inner\" >\n\t\t\t<div class=\"wpb_wrapper\">\n\t\t\t\t\n<div class=\"wpb_text_column wpb_content_element  wpb_animate_when_almost_visible wpb_fadeInUp fadeInUp\" >\n\t<div class=\"wpb_wrapper\">\n\t\t<h1><span style=\"color: #17466e;\">Mission<\/span><\/h1>\n\t<\/div>\n<\/div>\n\n\n\n<div class=\"divider-wrap\" data-alignment=\"default\"><div style=\"height: 20px;\" class=\"divider\"><\/div><\/div>\n<div class=\"wpb_text_column wpb_content_element  wpb_animate_when_almost_visible wpb_fadeInUp fadeInUp\" style=\" max-width: 700px; display: inline-block;\">\n\t<div class=\"wpb_wrapper\">\n\t\t<p>The Brazilian Society of Plastic Surgery (SBCP) is one of the largest associations in the world in the specialty. Founded in 1948, it is the official body of the Brazilian Medical Association and the Federal Council of Medicine to grant the Title of Specialist in Plastic Surgery.<\/p>\n<p>SBCP's mission is to promote and provide international competitiveness with a high standard of education and training, with ethics, humanism and professional practice, and to generate and disseminate knowledge and public education through its scientific events.<\/p>\n\t<\/div>\n<\/div>\n\n\n\n\n\t\t\t<\/div> \n\t\t<\/div>\n\t<\/div> \n\n\t<div  class=\"vc_col-sm-4 wpb_column column_container vc_column_container col no-extra-padding inherit_tablet inherit_phone\"  data-padding-pos=\"all\" data-has-bg-color=\"false\" data-bg-color=\"\" data-bg-opacity=\"1\" data-animation=\"\" data-delay=\"0\" >\n\t\t<div class=\"vc_column-inner\" >\n\t\t\t<div class=\"wpb_wrapper\">\n\t\t\t\t<div class=\"nectar_cascading_images\" data-border-radius=\"none\" data-parallax=\"\" data-parallax-intensity=\"subtle\" data-animation-timing=\"700\"><div class=\"cascading-image\" data-has-img=\"true\" style=\" padding:0%;\" data-max-width=\"100%\" data-max-width-mobile=\"100%\" data-animation=\"grow-in\" data-shadow=\"none\"><div class=\"inner-wrap\"><div class=\"bg-layer\" data-scale=\"1\" style=\"transform: scale(1)\"><div style=\" -webkit-transform:translateX(0%) translateY(0%) ; transform:translateX(0%) translateY(0%) ;\" class=\"img-wrap\"> <img loading=\"lazy\" decoding=\"async\" src=\"https:\/\/www.cirurgiaplastica.org.br\/wp-content\/uploads\/2017\/10\/logo-01_.png\" srcset=\"https:\/\/www.cirurgiaplastica.org.br\/wp-content\/uploads\/2017\/10\/logo-01_.png 700w, https:\/\/www.cirurgiaplastica.org.br\/wp-content\/uploads\/2017\/10\/logo-01_-150x150.png 150w, https:\/\/www.cirurgiaplastica.org.br\/wp-content\/uploads\/2017\/10\/logo-01_-300x300.png 300w, https:\/\/www.cirurgiaplastica.org.br\/wp-content\/uploads\/2017\/10\/logo-01_-100x100.png 100w, https:\/\/www.cirurgiaplastica.org.br\/wp-content\/uploads\/2017\/10\/logo-01_-500x500.png 500w, https:\/\/www.cirurgiaplastica.org.br\/wp-content\/uploads\/2017\/10\/logo-01_-350x350.png 350w\" sizes=\"auto, (min-width: 1000px) 55vw, 100vw\" height=\"700\" width=\"700\" class=\"skip-lazy\" alt=\"\" \/> <\/div><\/div><\/div><\/div><div class=\"cascading-image\" data-has-img=\"true\" style=\" padding:0%;\" data-max-width=\"100%\" data-max-width-mobile=\"100%\" data-animation=\"fade-in-from-right\" data-shadow=\"none\"><div class=\"inner-wrap\"><div class=\"bg-layer\" data-scale=\"1\" style=\"transform: scale(1)\"><div style=\" -webkit-transform:translateX(0%) translateY(0%) ; transform:translateX(0%) translateY(0%) ;\" class=\"img-wrap\"> <img loading=\"lazy\" decoding=\"async\" src=\"https:\/\/www.cirurgiaplastica.org.br\/wp-content\/uploads\/2017\/10\/logo-02_.png\" srcset=\"https:\/\/www.cirurgiaplastica.org.br\/wp-content\/uploads\/2017\/10\/logo-02_.png 700w, https:\/\/www.cirurgiaplastica.org.br\/wp-content\/uploads\/2017\/10\/logo-02_-150x150.png 150w, https:\/\/www.cirurgiaplastica.org.br\/wp-content\/uploads\/2017\/10\/logo-02_-300x300.png 300w, https:\/\/www.cirurgiaplastica.org.br\/wp-content\/uploads\/2017\/10\/logo-02_-100x100.png 100w, https:\/\/www.cirurgiaplastica.org.br\/wp-content\/uploads\/2017\/10\/logo-02_-500x500.png 500w, https:\/\/www.cirurgiaplastica.org.br\/wp-content\/uploads\/2017\/10\/logo-02_-350x350.png 350w\" sizes=\"auto, (min-width: 1000px) 55vw, 100vw\" height=\"700\" width=\"700\" class=\"skip-lazy\" alt=\"\" \/> <\/div><\/div><\/div><\/div><\/div>\n\t\t\t<\/div> \n\t\t<\/div>\n\t<\/div> \n<\/div><\/div>\n\t\t<div id=\"fws_69f2253d73305\"  data-column-margin=\"default\" data-midnight=\"dark\"  class=\"wpb_row vc_row-fluid vc_row\"  style=\"padding-top: 0px; padding-bottom: 0px; \"><div class=\"row-bg-wrap\" data-bg-animation=\"none\" data-bg-animation-delay=\"\" data-bg-overlay=\"false\"><div class=\"inner-wrap row-bg-layer\" ><div class=\"row-bg viewport-desktop\"  style=\"\"><\/div><\/div><\/div><div class=\"row_col_wrap_12 col span_12 dark left\">\n\t<div  class=\"vc_col-sm-6 wpb_column column_container vc_column_container col no-extra-padding inherit_tablet inherit_phone\"  data-padding-pos=\"all\" data-has-bg-color=\"false\" data-bg-color=\"\" data-bg-opacity=\"1\" data-animation=\"\" data-delay=\"0\" >\n\t\t<div class=\"vc_column-inner\" >\n\t\t\t<div class=\"wpb_wrapper\">\n\t\t\t\t\n<div class=\"wpb_text_column wpb_content_element  wpb_animate_when_almost_visible wpb_fadeInUp fadeInUp\" >\n\t<div class=\"wpb_wrapper\">\n\t\t<h1><span style=\"color: #17466e;\">Vision<\/span><\/h1>\n\t<\/div>\n<\/div>\n\n\n\n<div class=\"divider-wrap\" data-alignment=\"default\"><div style=\"height: 20px;\" class=\"divider\"><\/div><\/div>\n<div class=\"wpb_text_column wpb_content_element  wpb_animate_when_almost_visible wpb_fadeInUp fadeInUp\" style=\" max-width: 800px; display: inline-block;\">\n\t<div class=\"wpb_wrapper\">\n\t\t<p>SBCP\u2019s vision is:<\/p>\n<ul>\n<li>Be an opinion-forming source for the specialty;<\/li>\n<li>Value the training and continuous improvement of plastic surgeons;<\/li>\n<li>National and international recognition of Brazilian plastic surgery;<\/li>\n<li>Be on the side of defending the interests of the plastic surgeon;<\/li>\n<li>Have the partner committed, integrated and satisfied with SBCP;<\/li>\n<li>Aiming for excellence in patient care.<\/li>\n<\/ul>\n\t<\/div>\n<\/div>\n\n\n\n\n\t\t\t<\/div> \n\t\t<\/div>\n\t<\/div> \n\n\t<div  class=\"vc_col-sm-6 wpb_column column_container vc_column_container col no-extra-padding inherit_tablet inherit_phone\"  data-padding-pos=\"all\" data-has-bg-color=\"false\" data-bg-color=\"\" data-bg-opacity=\"1\" data-animation=\"\" data-delay=\"0\" >\n\t\t<div class=\"vc_column-inner\" >\n\t\t\t<div class=\"wpb_wrapper\">\n\t\t\t\t\n<div class=\"wpb_text_column wpb_content_element  wpb_animate_when_almost_visible wpb_fadeInUp fadeInUp\" >\n\t<div class=\"wpb_wrapper\">\n\t\t<h1><span style=\"color: #17466e;\">Values<\/span><\/h1>\n\t<\/div>\n<\/div>\n\n\n\n<div class=\"divider-wrap\" data-alignment=\"default\"><div style=\"height: 20px;\" class=\"divider\"><\/div><\/div>\n<div class=\"wpb_text_column wpb_content_element  wpb_animate_when_almost_visible wpb_fadeInUp fadeInUp\" style=\" max-width: 800px; display: inline-block;\">\n\t<div class=\"wpb_wrapper\">\n\t\t<p>In SBCP's daily shares we have the following values:<\/p>\n<ul>\n<li>\u00a0Ethic,<\/li>\n<li>Commitment,<\/li>\n<li>Respect,<\/li>\n<li>Humanism,<\/li>\n<li>\u00a0Quality,<\/li>\n<li>\u00a0Innovation and Security.<\/li>\n<\/ul>\n\t<\/div>\n<\/div>\n\n\n\n\n\t\t\t<\/div> \n\t\t<\/div>\n\t<\/div> \n<\/div><\/div>\n\t\t<div id=\"fws_69f2253d758c1\"  data-column-margin=\"default\" data-midnight=\"dark\"  class=\"wpb_row vc_row-fluid vc_row\"  style=\"padding-top: 40px; padding-bottom: 0px; \"><div class=\"row-bg-wrap\" data-bg-animation=\"none\" data-bg-animation-delay=\"\" data-bg-overlay=\"false\"><div class=\"inner-wrap row-bg-layer\" ><div class=\"row-bg viewport-desktop\"  style=\"\"><\/div><\/div><\/div><div class=\"row_col_wrap_12 col span_12 dark left\">\n\t<div  class=\"vc_col-sm-12 wpb_column column_container vc_column_container col no-extra-padding inherit_tablet inherit_phone\"  data-padding-pos=\"all\" data-has-bg-color=\"false\" data-bg-color=\"\" data-bg-opacity=\"1\" data-animation=\"\" data-delay=\"0\" >\n\t\t<div class=\"vc_column-inner\" >\n\t\t\t<div class=\"wpb_wrapper\">\n\t\t\t\t\n<div class=\"wpb_text_column wpb_content_element  wpb_animate_when_almost_visible wpb_fadeInUp fadeInUp\" >\n\t<div class=\"wpb_wrapper\">\n\t\t<h1><span style=\"color: #17466e;\">Integrated Policy: Quality and Anti-Bribery<\/span><\/h1>\n\t<\/div>\n<\/div>\n\n\n\n<div class=\"divider-wrap\" data-alignment=\"default\"><div style=\"height: 20px;\" class=\"divider\"><\/div><\/div>\n<div class=\"wpb_text_column wpb_content_element  wpb_animate_when_almost_visible wpb_fadeInUp fadeInUp\" style=\" max-width: 800px; display: inline-block;\">\n\t<div class=\"wpb_wrapper\">\n\t\t<p>SBCP declares in its Integrated Policy its commitment to:<\/p>\n<ul>\n<li>Provide quality education, training and scientific meetings services, aiming for excellence and satisfaction of its customers and\/or associates.<\/li>\n<li>Meet legal, statutory, regulatory requirements and applicable anti-corruption laws;<\/li>\n<li>Promote the continuous improvement and effectiveness of the Quality and Anti-Bribery Management System, through humanized, strategic and innovative guidance;<\/li>\n<li>Provide services with transparency and ethics, helping to increase and consolidate the trust and satisfaction of associates and partners.<\/li>\n<li>Act so that professionals can be increasingly trained and perfected, always acting in compliance with ethical, humanitarian and legal principles and in compliance with the anti-bribery requirements implemented in our Society.<\/li>\n<li>Prohibit payments and receipt of bribes, guiding everyone in relation to the Code of Ethics and Conduct and established policies.<\/li>\n<li>Investigate and deal with complaints received, ensuring secrecy, confidentiality and non-retaliation.<\/li>\n<li>Ensure total independence and authority in accordance with the requirements of the standard, committee and compliance office;<\/li>\n<li>Failure to comply with the Anti-Bribery policy and management system requirements will result in disciplinary action under current laws.<\/li>\n<\/ul>\n\t<\/div>\n<\/div>\n\n\n\n<div class=\"divider-wrap\" data-alignment=\"default\"><div style=\"height: 30px;\" class=\"divider\"><\/div><\/div>\n<div class=\"wpb_text_column wpb_content_element  wpb_animate_when_almost_visible wpb_fadeInUp fadeInUp\" >\n\t<div class=\"wpb_wrapper\">\n\t\t<h1><span style=\"color: #17466e;\">Objectives of Quality and Anti-Bribery Processes<\/span><\/h1>\n\t<\/div>\n<\/div>\n\n\n\n<div class=\"divider-wrap\" data-alignment=\"default\"><div style=\"height: 20px;\" class=\"divider\"><\/div><\/div>\n<div class=\"wpb_text_column wpb_content_element  wpb_animate_when_almost_visible wpb_fadeInUp fadeInUp\" style=\" max-width: 800px; display: inline-block;\">\n\t<div class=\"wpb_wrapper\">\n\t\t<ul>\n<li>Provide excellence in service with a focus on members;<\/li>\n<li>Articulate and strengthen the network of strategic partners and suppliers;<\/li>\n<li>Provide education, training and scientific management services with quality, ethics and transparency and monitor processes as well as their results;<\/li>\n<li>Offer events that provide interested parties with knowledge of new technologies, humanized and innovative procedures, increasing partnerships and strengthening existing ones;<\/li>\n<li>Maintain internal training to empower employees;<\/li>\n<li>Develop measures to prevent and detect illegal acts against SBCP and its interested parties;<\/li>\n<li>Encourage the use of the internal and external communication channel to receive and register complaints regarding misconduct and complaints, preserving the identity of the complainant.<\/li>\n<\/ul>\n\t<\/div>\n<\/div>\n\n\n\n\n\t\t\t<\/div> \n\t\t<\/div>\n\t<\/div> \n<\/div><\/div>\n\t\t<div id=\"fws_69f2253d77a66\"  data-column-margin=\"default\" data-midnight=\"dark\"  class=\"wpb_row vc_row-fluid vc_row\"  style=\"padding-top: 0px; padding-bottom: 0px; \"><div class=\"row-bg-wrap\" data-bg-animation=\"none\" data-bg-animation-delay=\"\" data-bg-overlay=\"false\"><div class=\"inner-wrap row-bg-layer\" ><div class=\"row-bg viewport-desktop\"  style=\"\"><\/div><\/div><\/div><div class=\"row_col_wrap_12 col span_12 dark left\">\n\t<div  class=\"vc_col-sm-12 wpb_column column_container vc_column_container col no-extra-padding inherit_tablet inherit_phone\"  data-padding-pos=\"all\" data-has-bg-color=\"false\" data-bg-color=\"\" data-bg-opacity=\"1\" data-animation=\"\" data-delay=\"0\" >\n\t\t<div class=\"vc_column-inner\" >\n\t\t\t<div class=\"wpb_wrapper\">\n\t\t\t\t<div class=\"divider-wrap\" data-alignment=\"default\"><div style=\"height: 70px;\" class=\"divider\"><\/div><\/div>\n\t\t\t<\/div> \n\t\t<\/div>\n\t<\/div> \n<\/div><\/div>","protected":false},"excerpt":{"rendered":"Miss\u00e3o Home &gt; SBCP &gt; Miss\u00e3o MenuSobreMiss\u00e3oDiretoriaRegionaisServi\u00e7os CredenciadosRegentesCap\u00edtulos e Comiss\u00f5esMuseuElei\u00e7\u00f5es Miss\u00e3o A Sociedade Brasileira de Cirurgia Pl\u00e1stica (SBCP) \u00e9 uma das maiores associa\u00e7\u00f5es mundiais da especialidade. Fundada em 1948, \u00e9...","protected":false},"author":1,"featured_media":0,"parent":220,"menu_order":0,"comment_status":"closed","ping_status":"closed","template":"","meta":{"footnotes":""},"class_list":["post-205","page","type-page","status-publish"],"_links":{"self":[{"href":"https:\/\/www.cirurgiaplastica.org.br\/en\/wp-json\/wp\/v2\/pages\/205","targetHints":{"allow":["GET"]}}],"collection":[{"href":"https:\/\/www.cirurgiaplastica.org.br\/en\/wp-json\/wp\/v2\/pages"}],"about":[{"href":"https:\/\/www.cirurgiaplastica.org.br\/en\/wp-json\/wp\/v2\/types\/page"}],"author":[{"embeddable":true,"href":"https:\/\/www.cirurgiaplastica.org.br\/en\/wp-json\/wp\/v2\/users\/1"}],"replies":[{"embeddable":true,"href":"https:\/\/www.cirurgiaplastica.org.br\/en\/wp-json\/wp\/v2\/comments?post=205"}],"version-history":[{"count":23,"href":"https:\/\/www.cirurgiaplastica.org.br\/en\/wp-json\/wp\/v2\/pages\/205\/revisions"}],"predecessor-version":[{"id":11218,"href":"https:\/\/www.cirurgiaplastica.org.br\/en\/wp-json\/wp\/v2\/pages\/205\/revisions\/11218"}],"up":[{"embeddable":true,"href":"https:\/\/www.cirurgiaplastica.org.br\/en\/wp-json\/wp\/v2\/pages\/220"}],"wp:attachment":[{"href":"https:\/\/www.cirurgiaplastica.org.br\/en\/wp-json\/wp\/v2\/media?parent=205"}],"curies":[{"name":"wp","href":"https:\/\/api.w.org\/{rel}","templated":true}]}}