{"id":503,"date":"2017-10-25T18:02:24","date_gmt":"2017-10-25T20:02:24","guid":{"rendered":"http:\/\/www2.cirurgiaplastica.org.br\/?page_id=503"},"modified":"2026-04-09T15:23:46","modified_gmt":"2026-04-09T18:23:46","slug":"editais","status":"publish","type":"page","link":"https:\/\/www.cirurgiaplastica.org.br\/en\/medico\/editais\/","title":{"rendered":"Notices"},"content":{"rendered":"<div id=\"fws_69da52aba360b\"  data-column-margin=\"default\" data-midnight=\"light\"  class=\"wpb_row vc_row-fluid vc_row full-width-section\"  style=\"padding-top: 170px; padding-bottom: 120px; \"><div class=\"row-bg-wrap\" data-bg-animation=\"none\" data-bg-animation-delay=\"\" data-bg-overlay=\"true\"><div class=\"inner-wrap row-bg-layer\" ><div class=\"row-bg viewport-desktop\"  style=\"\"><\/div><\/div><div class=\"row-bg-overlay row-bg-layer\" style=\"background: #17466e; background: linear-gradient(90deg,#17466e 0%,#00b7b7 100%);  opacity: 1; \"><\/div><\/div><div class=\"row_col_wrap_12 col span_12 light left\">\n\t<div  class=\"vc_col-sm-12 wpb_column column_container vc_column_container col centered-text no-extra-padding inherit_tablet inherit_phone\"  data-padding-pos=\"all\" data-has-bg-color=\"false\" data-bg-color=\"\" data-bg-opacity=\"1\" data-animation=\"\" data-delay=\"0\" >\n\t\t<div class=\"vc_column-inner\" >\n\t\t\t<div class=\"wpb_wrapper\">\n\t\t\t\t<div id=\"fws_69da52aba6299\" data-midnight=\"\" data-column-margin=\"default\" class=\"wpb_row vc_row-fluid vc_row inner_row\"  style=\"\"><div class=\"row-bg-wrap\"> <div class=\"row-bg\" ><\/div> <\/div><div class=\"row_col_wrap_12_inner col span_12  left\">\n\t<div  class=\"vc_col-sm-12 wpb_column column_container vc_column_container col child_column no-extra-padding inherit_tablet inherit_phone\"   data-padding-pos=\"all\" data-has-bg-color=\"false\" data-bg-color=\"\" data-bg-opacity=\"1\" data-animation=\"\" data-delay=\"0\" >\n\t\t<div class=\"vc_column-inner\" >\n\t\t<div class=\"wpb_wrapper\">\n\t\t\t\n<div class=\"wpb_text_column wpb_content_element\" >\n\t<div class=\"wpb_wrapper\">\n\t\t<h1>Notices<\/h1>\n\t<\/div>\n<\/div>\n\n\n\n\n\t\t<\/div> \n\t<\/div>\n\t<\/div> \n<\/div><\/div>\n<div class=\"wpb_text_column wpb_content_element\" >\n\t<div class=\"wpb_wrapper\">\n\t\t<p><a href=\"#\">Home<\/a> &gt; M\u00e9dicos &gt; <a href=\"\/en\/medico\/editais\/\">Notices<\/a><\/p>\n\t<\/div>\n<\/div>\n\n\n\n\n\t\t\t<\/div> \n\t\t<\/div>\n\t<\/div> \n<\/div><\/div>\n\t\t<div id=\"fws_69da52aba7421\"  data-column-margin=\"default\" data-midnight=\"dark\"  class=\"wpb_row vc_row-fluid vc_row\"  style=\"padding-top: 0px; padding-bottom: 0px; \"><div class=\"row-bg-wrap\" data-bg-animation=\"none\" data-bg-animation-delay=\"\" data-bg-overlay=\"false\"><div class=\"inner-wrap row-bg-layer\" ><div class=\"row-bg viewport-desktop\"  style=\"\"><\/div><\/div><\/div><div class=\"row_col_wrap_12 col span_12 dark left\">\n\t<div  class=\"vc_col-sm-12 wpb_column column_container vc_column_container col no-extra-padding inherit_tablet inherit_phone\"  data-padding-pos=\"all\" data-has-bg-color=\"false\" data-bg-color=\"\" data-bg-opacity=\"1\" data-animation=\"\" data-delay=\"0\" >\n\t\t<div class=\"vc_column-inner\" >\n\t\t\t<div class=\"wpb_wrapper\">\n\t\t\t\t<div class=\"page-submenu\" data-bg-color=\"#17466e\" data-sticky=\"true\" data-alignment=\"center\"><div class=\"full-width-content\" style=\"background-color:#17466e; color: #99fff5;\"><a href=\"#\" class=\"mobile-menu-link\"><i class=\"salient-page-submenu-icon\"><\/i>Menu<\/a><ul style=\"background-color:#17466e; color: #99fff5;\"><li><a  href=\"\/en\/eventos\/eventos-oficiais\/\">Events<\/a><\/li><li><a  href=\"\/en\/medicos\/torne-se-um-membro\/\">Become a Member<\/a><\/li><li><a  href=\"\/en\/medicos\/plastikos\/\">Revista Plastiko's<\/a><\/li><li><a target=\"_blank\" href=\"http:\/\/rbcp.org.br\/\">SBCP Magazine<\/a><\/li><li><a  href=\"\/en\/medico\/manuais-ebooks\/\">Manuals &amp; E-books<\/a><\/li><li><a  href=\"\/en\/medicos\/editais\/\">Notices<\/a><\/li><li><a  href=\"\/en\/estatuto-regimentos\/\">Statute and Rules<\/a><\/li><li><a target=\"_blank\" href=\"http:\/\/www.flip3d.com.br\/web\/pub\/cfm\/index6\/?numero=24&#038;edicao=4631\">Code of Ethics<\/a><\/li><\/ul><\/div><\/div>\n\t\t\t<\/div> \n\t\t<\/div>\n\t<\/div> \n<\/div><\/div>\n\t\t<div id=\"fws_69da52abaaddf\"  data-column-margin=\"default\" data-midnight=\"dark\"  class=\"wpb_row vc_row-fluid vc_row\"  style=\"padding-top: 70px; padding-bottom: 0px; \"><div class=\"row-bg-wrap\" data-bg-animation=\"none\" data-bg-animation-delay=\"\" data-bg-overlay=\"false\"><div class=\"inner-wrap row-bg-layer\" ><div class=\"row-bg viewport-desktop\"  style=\"\"><\/div><\/div><\/div><div class=\"row_col_wrap_12 col span_12 dark left\">\n\t<div  class=\"vc_col-sm-12 wpb_column column_container vc_column_container col no-extra-padding inherit_tablet inherit_phone\"  data-padding-pos=\"all\" data-has-bg-color=\"false\" data-bg-color=\"\" data-bg-opacity=\"1\" data-animation=\"\" data-delay=\"0\" >\n\t\t<div class=\"vc_column-inner\" >\n\t\t\t<div class=\"wpb_wrapper\">\n\t\t\t\t\n<div class=\"wpb_text_column wpb_content_element  wpb_animate_when_almost_visible wpb_fadeInUp fadeInUp\" >\n\t<div class=\"wpb_wrapper\">\n\t\t<h1><span style=\"color: #17466e;\">Open Notices<\/span><\/h1>\n\t<\/div>\n<\/div>\n\n\n\n\n\t\t\t<\/div> \n\t\t<\/div>\n\t<\/div> \n<\/div><\/div>\n\t\t<div id=\"fws_69da52ababc93\"  data-column-margin=\"default\" data-midnight=\"dark\"  class=\"wpb_row vc_row-fluid vc_row\"  style=\"padding-top: 40px; padding-bottom: 80px; \"><div class=\"row-bg-wrap\" data-bg-animation=\"none\" data-bg-animation-delay=\"\" data-bg-overlay=\"false\"><div class=\"inner-wrap row-bg-layer\" ><div class=\"row-bg viewport-desktop\"  style=\"\"><\/div><\/div><\/div><div class=\"row_col_wrap_12 col span_12 dark left\">\n\t<div style=\"\" class=\"vc_col-sm-6 wpb_column column_container vc_column_container col padding-2-percent inherit_tablet inherit_phone\" data-using-bg=\"true\" data-padding-pos=\"all\" data-has-bg-color=\"true\" data-bg-color=\"#f4f4f4\" data-bg-opacity=\"1\" data-animation=\"\" data-delay=\"0\" >\n\t\t<div class=\"vc_column-inner\" ><div class=\"column-bg-overlay-wrap column-bg-layer\" data-bg-animation=\"none\"><div class=\"column-bg-overlay\" style=\"opacity: 1; background-color: #f4f4f4;\"><\/div><\/div>\n\t\t\t<div class=\"wpb_wrapper\">\n\t\t\t\t<h5 style=\"font-size: 18px;color: #17466e;text-align: left;font-family:Montserrat;font-weight:700;font-style:normal\" class=\"vc_custom_heading vc_do_custom_heading\" >Oficiais<\/h5><div id=\"fws_69da52abacbef\" data-midnight=\"\" data-column-margin=\"default\" class=\"wpb_row vc_row-fluid vc_row inner_row\"  style=\"\"><div class=\"row-bg-wrap\"> <div class=\"row-bg\" ><\/div> <\/div><div class=\"row_col_wrap_12_inner col span_12  left\">\n\t<div style=\"\" class=\"vc_col-sm-12 wpb_column column_container vc_column_container col child_column padding-1-percent inherit_tablet inherit_phone\"  data-using-bg=\"true\" data-padding-pos=\"left\" data-has-bg-color=\"true\" data-bg-color=\"#e5e5e5\" data-bg-opacity=\"1\" data-animation=\"\" data-delay=\"0\" >\n\t\t<div class=\"vc_column-inner\" ><div class=\"column-bg-overlay-wrap column-bg-layer\" data-bg-animation=\"none\"><div class=\"column-bg-overlay\" style=\"opacity: 1; background-color: #e5e5e5;\"><\/div><\/div>\n\t\t<div class=\"wpb_wrapper\">\n\t\t\t<h4 style=\"font-size: 21px;line-height: 1.5;text-align: left\" class=\"vc_custom_heading vc_do_custom_heading\" >2026<\/h4>\n\t\t<\/div> \n\t<\/div>\n\t<\/div> \n<\/div><\/div><div id=\"fws_69da52abad82b\" data-midnight=\"\" data-column-margin=\"default\" class=\"wpb_row vc_row-fluid vc_row inner_row\"  style=\"\"><div class=\"row-bg-wrap\"> <div class=\"row-bg\" ><\/div> <\/div><div class=\"row_col_wrap_12_inner col span_12  left\">\n\t<div  class=\"vc_col-sm-12 wpb_column column_container vc_column_container col child_column padding-1-percent inherit_tablet inherit_phone\"   data-padding-pos=\"left\" data-has-bg-color=\"false\" data-bg-color=\"\" data-bg-opacity=\"1\" data-animation=\"\" data-delay=\"0\" >\n\t\t<div class=\"vc_column-inner\" >\n\t\t<div class=\"wpb_wrapper\">\n\t\t\t\n<div class=\"wpb_text_column wpb_content_element\" >\n\t<div class=\"wpb_wrapper\">\n\t\t<p><a target=\"_blank\" href=\"https:\/\/www.cirurgiaplastica.org.br\/wp-content\/uploads\/2026\/04\/Edital-Exame-Titular-2026-final.pdf\" rel=\"noopener\"><i class=\"icon-tiny fa fa-file-text accent-color\"><\/i> Edital Exame Ascens\u00e3o a Membro Titular 2026<\/a><\/p>\n\t<\/div>\n<\/div>\n\n\n\n\n<div class=\"wpb_text_column wpb_content_element\" >\n\t<div class=\"wpb_wrapper\">\n\t\t<p><a target=\"_blank\" href=\"https:\/\/www.cirurgiaplastica.org.br\/wp-content\/uploads\/2025\/12\/Edital-do-Exame-de-Especialista-2026-APROVADO-AMB-v.09.12.2025.pdf\" rel=\"noopener\"><i class=\"icon-tiny fa fa-file-text accent-color\"><\/i> Edital Exame T\u00edtulo de Especialista 2026<\/a><\/p>\n\t<\/div>\n<\/div>\n\n\n\n\n<div class=\"wpb_text_column wpb_content_element\" >\n\t<div class=\"wpb_wrapper\">\n\t\t<p><a target=\"_blank\" href=\"https:\/\/anexos.cdn.selecao.net.br\/uploads\/823\/concursos\/4\/anexos\/c5f48f4d-0ba6-46e3-ae35-7dc8a347d14c.pdf\" rel=\"noopener\"><i class=\"icon-tiny fa fa-file-text accent-color\"><\/i> Edital Prova de Residentes R2\/R3 (DESC 2026)<\/a><\/p>\n\t<\/div>\n<\/div>\n\n\n\n\n\t\t<\/div> \n\t<\/div>\n\t<\/div> \n<\/div><\/div><div id=\"fws_69da52abb11f6\" data-midnight=\"\" data-column-margin=\"default\" class=\"wpb_row vc_row-fluid vc_row inner_row\"  style=\"\"><div class=\"row-bg-wrap\"> <div class=\"row-bg\" ><\/div> <\/div><div class=\"row_col_wrap_12_inner col span_12  left\">\n\t<div style=\"\" class=\"vc_col-sm-12 wpb_column column_container vc_column_container col child_column padding-1-percent inherit_tablet inherit_phone\"  data-using-bg=\"true\" data-padding-pos=\"left\" data-has-bg-color=\"true\" data-bg-color=\"#e5e5e5\" data-bg-opacity=\"1\" data-animation=\"\" data-delay=\"0\" >\n\t\t<div class=\"vc_column-inner\" ><div class=\"column-bg-overlay-wrap column-bg-layer\" data-bg-animation=\"none\"><div class=\"column-bg-overlay\" style=\"opacity: 1; background-color: #e5e5e5;\"><\/div><\/div>\n\t\t<div class=\"wpb_wrapper\">\n\t\t\t<h4 style=\"font-size: 21px;line-height: 1.5;text-align: left\" class=\"vc_custom_heading vc_do_custom_heading\" >2025<\/h4>\n\t\t<\/div> \n\t<\/div>\n\t<\/div> \n<\/div><\/div><div id=\"fws_69da52abb1c0e\" data-midnight=\"\" data-column-margin=\"default\" class=\"wpb_row vc_row-fluid vc_row inner_row\"  style=\"\"><div class=\"row-bg-wrap\"> <div class=\"row-bg\" ><\/div> <\/div><div class=\"row_col_wrap_12_inner col span_12  left\">\n\t<div  class=\"vc_col-sm-12 wpb_column column_container vc_column_container col child_column padding-1-percent inherit_tablet inherit_phone\"   data-padding-pos=\"left\" data-has-bg-color=\"false\" data-bg-color=\"\" data-bg-opacity=\"1\" data-animation=\"\" data-delay=\"0\" >\n\t\t<div class=\"vc_column-inner\" >\n\t\t<div class=\"wpb_wrapper\">\n\t\t\t\n<div class=\"wpb_text_column wpb_content_element\" >\n\t<div class=\"wpb_wrapper\">\n\t\t<p><a target=\"_blank\" href=\"https:\/\/restrito.cirurgiaplastica.org.br\/?editais=edital-exame-titulo-de-titular-2025\" rel=\"noopener\"><i class=\"icon-tiny fa fa-file-text accent-color\"><\/i> Edital Exame T\u00edtulo de Titular 2025<\/a><\/p>\n\t<\/div>\n<\/div>\n\n\n\n\n<div class=\"wpb_text_column wpb_content_element\" >\n\t<div class=\"wpb_wrapper\">\n\t\t<p><a target=\"_blank\" href=\"https:\/\/restrito.cirurgiaplastica.org.br\/?editais=edital-exame-titulo-de-titular-2025\" rel=\"noopener\"><i class=\"icon-tiny fa fa-file-text accent-color\"><\/i> <\/a><a target=\"_blank\" href=\"https:\/\/restrito.cirurgiaplastica.org.br\/?editais=edital-exame-titulo-de-especialista-2025\" rel=\"noopener\">Edital Exame T\u00edtulo de Especialista 2025<\/a><\/p>\n\t<\/div>\n<\/div>\n\n\n\n\n\t\t<\/div> \n\t<\/div>\n\t<\/div> \n<\/div><\/div>\n\t\t\t<\/div> \n\t\t<\/div>\n\t<\/div> \n\n\t<div style=\"\" class=\"vc_col-sm-6 wpb_column column_container vc_column_container col padding-2-percent inherit_tablet inherit_phone\" data-using-bg=\"true\" data-padding-pos=\"all\" data-has-bg-color=\"true\" data-bg-color=\"#f4f4f4\" data-bg-opacity=\"1\" data-animation=\"\" data-delay=\"0\" >\n\t\t<div class=\"vc_column-inner\" ><div class=\"column-bg-overlay-wrap column-bg-layer\" data-bg-animation=\"none\"><div class=\"column-bg-overlay\" style=\"opacity: 1; background-color: #f4f4f4;\"><\/div><\/div>\n\t\t\t<div class=\"wpb_wrapper\">\n\t\t\t\t<h5 style=\"font-size: 18px;color: #17466e;text-align: left;font-family:Montserrat;font-weight:700;font-style:normal\" class=\"vc_custom_heading vc_do_custom_heading\" >Others:<\/h5><div id=\"fws_69da52abb2fb3\" data-midnight=\"\" data-column-margin=\"default\" class=\"wpb_row vc_row-fluid vc_row inner_row\"  style=\"\"><div class=\"row-bg-wrap\"> <div class=\"row-bg\" ><\/div> <\/div><div class=\"row_col_wrap_12_inner col span_12  left\">\n\t<div style=\"\" class=\"vc_col-sm-12 wpb_column column_container vc_column_container col child_column padding-1-percent inherit_tablet inherit_phone\"  data-using-bg=\"true\" data-padding-pos=\"left\" data-has-bg-color=\"true\" data-bg-color=\"#e5e5e5\" data-bg-opacity=\"1\" data-animation=\"\" data-delay=\"0\" >\n\t\t<div class=\"vc_column-inner\" ><div class=\"column-bg-overlay-wrap column-bg-layer\" data-bg-animation=\"none\"><div class=\"column-bg-overlay\" style=\"opacity: 1; background-color: #e5e5e5;\"><\/div><\/div>\n\t\t<div class=\"wpb_wrapper\">\n\t\t\t<h4 style=\"font-size: 21px;line-height: 1.5;text-align: left\" class=\"vc_custom_heading vc_do_custom_heading\" >2026<\/h4>\n\t\t<\/div> \n\t<\/div>\n\t<\/div> \n<\/div><\/div><div id=\"fws_69da52abb3ba7\" data-midnight=\"\" data-column-margin=\"default\" class=\"wpb_row vc_row-fluid vc_row inner_row\"  style=\"\"><div class=\"row-bg-wrap\"> <div class=\"row-bg\" ><\/div> <\/div><div class=\"row_col_wrap_12_inner col span_12  left\">\n\t<div  class=\"vc_col-sm-12 wpb_column column_container vc_column_container col child_column no-extra-padding inherit_tablet inherit_phone\"   data-padding-pos=\"all\" data-has-bg-color=\"false\" data-bg-color=\"\" data-bg-opacity=\"1\" data-animation=\"\" data-delay=\"0\" >\n\t\t<div class=\"vc_column-inner\" >\n\t\t<div class=\"wpb_wrapper\">\n\t\t\t\n<div class=\"wpb_text_column wpb_content_element\" >\n\t<div class=\"wpb_wrapper\">\n\t\t<p><a target=\"_blank\" href=\"https:\/\/www.cirurgiaplastica.org.br\/wp-content\/uploads\/2026\/03\/EDITAL-RESIDENCIA-EWALDO-BOLIVAR-2026.pdf\" rel=\"noopener\"><i class=\"icon-tiny fa fa-file-text accent-color\"><\/i> Edital Servi\u00e7o de Especializa\u00e7\u00e3o Dr. Ewaldo Bolivar<\/a><\/p>\n\t<\/div>\n<\/div>\n\n\n\n\n<div class=\"wpb_text_column wpb_content_element\" >\n\t<div class=\"wpb_wrapper\">\n\t\t<p><a target=\"_blank\" href=\"https:\/\/www.cirurgiaplastica.org.br\/wp-content\/uploads\/2026\/01\/EDITAL-DAHER-2026.pdf\" rel=\"noopener\"><i class=\"icon-tiny fa fa-file-text accent-color\"><\/i> Edital Daher Hospital Lago Sul<\/a><\/p>\n\t<\/div>\n<\/div>\n\n\n\n\n<div class=\"wpb_text_column wpb_content_element\" >\n\t<div class=\"wpb_wrapper\">\n\t\t<p><a target=\"_blank\" href=\"https:\/\/www.cirurgiaplastica.org.br\/wp-content\/uploads\/2026\/01\/Edital-HCE-2026.pdf\" rel=\"noopener\"><i class=\"icon-tiny fa fa-file-text accent-color\"><\/i> Edital Hospital Central do Ex\u00e9rcito<\/a><\/p>\n\t<\/div>\n<\/div>\n\n\n\n\n<div class=\"wpb_text_column wpb_content_element\" >\n\t<div class=\"wpb_wrapper\">\n\t\t<p><a target=\"_blank\" href=\"https:\/\/www.cirurgiaplastica.org.br\/wp-content\/uploads\/2025\/12\/EDITAL-CIR.-PLASTICA-2026.pdf\" rel=\"noopener\"><i class=\"icon-tiny fa fa-file-text accent-color\"><\/i> Edital Santa Casa de Miseric\u00f3rdia S\u00e3o Jos\u00e9 do Rio Preto<\/a><\/p>\n\t<\/div>\n<\/div>\n\n\n\n\n<div class=\"wpb_text_column wpb_content_element\" >\n\t<div class=\"wpb_wrapper\">\n\t\t<p><a target=\"_blank\" href=\"https:\/\/www.cirurgiaplastica.org.br\/wp-content\/uploads\/2025\/12\/Campinas-2010-05-31.pdf\" rel=\"noopener\"><i class=\"icon-tiny fa fa-file-text accent-color\"><\/i> Edital Hospital SOBRAPAR<\/a><\/p>\n\t<\/div>\n<\/div>\n\n\n\n\n<div class=\"wpb_text_column wpb_content_element\" >\n\t<div class=\"wpb_wrapper\">\n\t\t<p><a target=\"_blank\" href=\"https:\/\/www.cirurgiaplastica.org.br\/wp-content\/uploads\/2025\/11\/Edital-2026-ICPSC-FINAL.pdf\" rel=\"noopener\"><i class=\"icon-tiny fa fa-file-text accent-color\"><\/i> Edital Instituto de Cirurgia Pl\u00e1stica Santa Cruz<\/a><\/p>\n\t<\/div>\n<\/div>\n\n\n\n\n<div class=\"wpb_text_column wpb_content_element\" >\n\t<div class=\"wpb_wrapper\">\n\t\t<p><a target=\"_blank\" href=\"https:\/\/www.cirurgiaplastica.org.br\/wp-content\/uploads\/2025\/11\/Edital-2025-cirurgia-plastica_Sobrapar_SITE.pdf\" rel=\"noopener\"><i class=\"icon-tiny fa fa-file-text accent-color\"><\/i> Edital Hospital SOBRAPAR<\/a><\/p>\n\t<\/div>\n<\/div>\n\n\n\n\n<div class=\"wpb_text_column wpb_content_element\" >\n\t<div class=\"wpb_wrapper\">\n\t\t<p><a target=\"_blank\" href=\"https:\/\/www.cirurgiaplastica.org.br\/wp-content\/uploads\/2025\/11\/Edital-2026-ICPSC-FINAL.pdf\" rel=\"noopener\"><i class=\"icon-tiny fa fa-file-text accent-color\"><\/i> Edital Instituto de Cirurgia Pl\u00e1stica Santa Cruz<\/a><\/p>\n\t<\/div>\n<\/div>\n\n\n\n\n<div class=\"wpb_text_column wpb_content_element\" >\n\t<div class=\"wpb_wrapper\">\n\t\t<p><a target=\"_blank\" href=\"https:\/\/www.cirurgiaplastica.org.br\/wp-content\/uploads\/2025\/11\/EDITAL-2026-Residentes.pdf\" rel=\"noopener\"><i class=\"icon-tiny fa fa-file-text accent-color\"><\/i> Servi\u00e7o de Cirurgia Pl\u00e1stica Prof. Dr. Oswaldo de Castro<\/a><\/p>\n\t<\/div>\n<\/div>\n\n\n\n\n<div class=\"wpb_text_column wpb_content_element\" >\n\t<div class=\"wpb_wrapper\">\n\t\t<p><a target=\"_blank\" href=\"https:\/\/www.cirurgiaplastica.org.br\/wp-content\/uploads\/2025\/10\/HOSPITAL-SANTA-RITA-DE-CASSIA.pdf\" rel=\"noopener\"><i class=\"icon-tiny fa fa-file-text accent-color\"><\/i> Hospital Santa Rita e C\u00e1ssia<\/a><\/p>\n\t<\/div>\n<\/div>\n\n\n\n\n<div class=\"wpb_text_column wpb_content_element\" >\n\t<div class=\"wpb_wrapper\">\n\t\t<p><a target=\"_blank\" href=\"https:\/\/www.cirurgiaplastica.org.br\/wp-content\/uploads\/2025\/10\/IBCP-Edital-2026-com-Monografia-2-VAGAS-Pre-Requisito-Cirurgia-Geral.pdf\" rel=\"noopener\"><i class=\"icon-tiny fa fa-file-text accent-color\"><\/i> IBCP Edital 2026<\/a><\/p>\n\t<\/div>\n<\/div>\n\n\n\n\n<div class=\"wpb_text_column wpb_content_element\" >\n\t<div class=\"wpb_wrapper\">\n\t\t<p><a target=\"_blank\" href=\"https:\/\/www.cirurgiaplastica.org.br\/wp-content\/uploads\/2025\/10\/Edital-MEC-2026.pdf\" rel=\"noopener\"><i class=\"icon-tiny fa fa-file-text accent-color\"><\/i> Edital Santa Casa Campinas<\/a><\/p>\n\t<\/div>\n<\/div>\n\n\n\n\n<div class=\"wpb_text_column wpb_content_element\" >\n\t<div class=\"wpb_wrapper\">\n\t\t<p><a target=\"_blank\" href=\"https:\/\/www.cirurgiaplastica.org.br\/wp-content\/uploads\/2025\/10\/EDITAL-MEDICOS-ESTRANGEIROS-2026.pdf\" rel=\"noopener\"><i class=\"icon-tiny fa fa-file-text accent-color\"><\/i> Servi\u00e7o de Cirurgia Pl\u00e1stica Prof. Dr. Ricardo Boroudi (Estrangeiros)<\/a><\/p>\n\t<\/div>\n<\/div>\n\n\n\n\n<div class=\"wpb_text_column wpb_content_element\" >\n\t<div class=\"wpb_wrapper\">\n\t\t<p><a target=\"_blank\" href=\"https:\/\/www.cirurgiaplastica.org.br\/wp-content\/uploads\/2025\/10\/EDITAL-RONALDO-PONTES-SBCP-2026.pdf\" rel=\"noopener\"><i class=\"icon-tiny fa fa-file-text accent-color\"><\/i> Servi\u00e7o P\u00f3s-gradua\u00e7\u00e3o em Cirurgia Pl\u00e1stica Prof. Ronaldo Pontes<\/a><\/p>\n\t<\/div>\n<\/div>\n\n\n\n\n<div class=\"wpb_text_column wpb_content_element\" >\n\t<div class=\"wpb_wrapper\">\n\t\t<p><a href=\"https:\/\/www.cirurgiaplastica.org.br\/wp-content\/uploads\/2025\/10\/EDITAL-RESIDENCIA-2026-OFICIAL.pdf\"><i class=\"icon-tiny fa fa-file-text accent-color\"><\/i> Servi\u00e7o de Especializa\u00e7\u00e3o em Cirurgia Pl\u00e1stica Dr. Ewaldo Bolivar<\/a><\/p>\n\t<\/div>\n<\/div>\n\n\n\n\n<div class=\"wpb_text_column wpb_content_element\" >\n\t<div class=\"wpb_wrapper\">\n\t\t<p><a target=\"_blank\" href=\"https:\/\/www.cirurgiaplastica.org.br\/wp-content\/uploads\/2025\/08\/edital-concurso-2026.pdf\" rel=\"noopener\"><i class=\"icon-tiny fa fa-file-text accent-color\"><\/i> Hospital Ipiranga \u2013 Servi\u00e7o de Cirurgia Pl\u00e1stica<\/a><\/p>\n\t<\/div>\n<\/div>\n\n\n\n\n\t\t<\/div> \n\t<\/div>\n\t<\/div> \n<\/div><\/div>\n\t\t\t<\/div> \n\t\t<\/div>\n\t<\/div> \n<\/div><\/div>\n\t\t<div id=\"fws_69da52abbb87e\"  data-column-margin=\"default\" data-midnight=\"dark\"  class=\"wpb_row vc_row-fluid vc_row\"  style=\"padding-top: 0px; padding-bottom: 0px; \"><div class=\"row-bg-wrap\" data-bg-animation=\"none\" data-bg-animation-delay=\"\" data-bg-overlay=\"false\"><div class=\"inner-wrap row-bg-layer\" ><div class=\"row-bg viewport-desktop\"  style=\"\"><\/div><\/div><\/div><div class=\"row_col_wrap_12 col span_12 dark left\">\n\t<div  class=\"vc_col-sm-12 wpb_column column_container vc_column_container col no-extra-padding inherit_tablet inherit_phone\"  data-padding-pos=\"all\" data-has-bg-color=\"false\" data-bg-color=\"\" data-bg-opacity=\"1\" data-animation=\"\" data-delay=\"0\" >\n\t\t<div class=\"vc_column-inner\" >\n\t\t\t<div class=\"wpb_wrapper\">\n\t\t\t\t<div class=\"divider-wrap\" data-alignment=\"default\"><div style=\"height: 100px;\" class=\"divider\"><\/div><\/div>\n\t\t\t<\/div> \n\t\t<\/div>\n\t<\/div> \n<\/div><\/div>","protected":false},"excerpt":{"rendered":"Editais Home &gt; M\u00e9dicos &gt; Editais MenuEventosTorne-se um MembroRevista Plastiko'sRevista SBCPManuais &amp; E-booksEditaisEstatuto e RegimentosC\u00f3digo de \u00c9tica Editais Abertos Oficiais 2026 Edital Exame Ascens\u00e3o a Membro Titular 2026 Edital Exame...","protected":false},"author":1,"featured_media":0,"parent":475,"menu_order":0,"comment_status":"closed","ping_status":"closed","template":"","meta":{"footnotes":""},"class_list":["post-503","page","type-page","status-publish"],"_links":{"self":[{"href":"https:\/\/www.cirurgiaplastica.org.br\/en\/wp-json\/wp\/v2\/pages\/503","targetHints":{"allow":["GET"]}}],"collection":[{"href":"https:\/\/www.cirurgiaplastica.org.br\/en\/wp-json\/wp\/v2\/pages"}],"about":[{"href":"https:\/\/www.cirurgiaplastica.org.br\/en\/wp-json\/wp\/v2\/types\/page"}],"author":[{"embeddable":true,"href":"https:\/\/www.cirurgiaplastica.org.br\/en\/wp-json\/wp\/v2\/users\/1"}],"replies":[{"embeddable":true,"href":"https:\/\/www.cirurgiaplastica.org.br\/en\/wp-json\/wp\/v2\/comments?post=503"}],"version-history":[{"count":103,"href":"https:\/\/www.cirurgiaplastica.org.br\/en\/wp-json\/wp\/v2\/pages\/503\/revisions"}],"predecessor-version":[{"id":11562,"href":"https:\/\/www.cirurgiaplastica.org.br\/en\/wp-json\/wp\/v2\/pages\/503\/revisions\/11562"}],"up":[{"embeddable":true,"href":"https:\/\/www.cirurgiaplastica.org.br\/en\/wp-json\/wp\/v2\/pages\/475"}],"wp:attachment":[{"href":"https:\/\/www.cirurgiaplastica.org.br\/en\/wp-json\/wp\/v2\/media?parent=503"}],"curies":[{"name":"wp","href":"https:\/\/api.w.org\/{rel}","templated":true}]}}